{"id":1356,"date":"2025-02-20T08:59:36","date_gmt":"2025-02-20T08:59:36","guid":{"rendered":"https:\/\/staging.irccs.com\/?page_id=1356"},"modified":"2025-09-29T15:06:42","modified_gmt":"2025-09-29T15:06:42","slug":"ricerca","status":"publish","type":"page","link":"https:\/\/irccs.com\/it\/ricerca\/","title":{"rendered":"Ricerca"},"content":{"rendered":"\n<h2 class=\"wp-block-heading\"><span  id=\"ricerca-innovativa-per-il-futuro-delle-cure-oncologiche\" class=\"h2_anchor\"><\/span><strong>Ricerca innovativa&nbsp; per il futuro delle cure oncologiche<\/strong><\/h2>\n\n\n\n<p>All\u2019IRCCS di Candiolo siamo convinti che la ricerca sia la chiave per migliorare le cure contro il cancro. Ogni giorno facciamo un passo in avanti per trasformare le scoperte scientifiche in trattamenti sempre pi\u00f9 efficaci e personalizzati, <strong>portando i risultati del laboratorio direttamente al letto del paziente<\/strong>.<\/p>\n\n\n\n<h3 class=\"wp-block-heading\">Una squadra al servizio dei pazienti<\/h3>\n\n\n\n<p>Sappiamo che dietro ogni risultato della nostra ricerca ci sono <strong>persone, storie e speranze<\/strong>. Il nostro impegno \u00e8 trasformare la scienza in cure concrete, sempre pi\u00f9 efficaci e vicine ai bisogni di chi affronta la malattia. <strong>Medici, e ricercatori lavorano fianco a fianco ogni giorno. <\/strong>Lo scopo \u00e8 sviluppare terapie innovative e personalizzate.<\/p>\n\n\n\n<p>La scienza \u00e8 il nostro strumento. Ma <strong>ci\u00f2 che ci guida ogni giorno \u00e8 un obiettivo<\/strong>: <strong>rendere il cancro una malattia sempre pi\u00f9 curabile<\/strong>, mettendo le persone al centro di ogni passo avanti.<\/p>\n\n\n\n<h3 class=\"wp-block-heading\">Nuove strade nella lotta al cancro<\/h3>\n\n\n\n<ul class=\"wp-block-list\">\n<li><strong>Diagnosi precoce:<\/strong> riconoscere i tumori il prima possibile<\/li>\n\n\n\n<li><strong>Terapie mirate:<\/strong> trattamenti sempre pi\u00f9 precisi e adatti al singolo paziente<\/li>\n\n\n\n<li><strong>Immunoterapia:<\/strong> rafforzare le difese naturali dell\u2019organismo per combattere la malattia<\/li>\n<\/ul>\n\n\n\n<h3 class=\"wp-block-heading\">Una ricerca a 360 gradi<\/h3>\n\n\n\n<p>Dalla genetica ai farmaci sperimentali, fino a nuove strategie di prevenzione: esploriamo ogni possibilit\u00e0 per offrire pi\u00f9 opzioni di cura e pi\u00f9 qualit\u00e0 di vita.<\/p>\n\n\n\t<div id=\"block_68daa081c3b58\" class=\"boxeslinks-block acf-block\">\n\t\t\n<div class=\"relative my-8 lg:my-12\">\n\t<div class=\"relative\">\n\t\t<div class=\"mt-5 grid grid-cols-1 md:grid-cols-2 lg:grid-cols-3 gap-4 lg:gap-8\">\n\t\t\t\t\t\t\t\t\t\t\t\t<div class=\"bg-white border-red border-3 lg:border-6 p-4 lg:p-8 flex flex-col items-start\">\n\t\t\t\t\t\t<div class=\"mb-6\">\n\t\t\t\t\t\t\t<span class=\"block uppercase font-bold\">Clinical Research<\/span>\n\t\t\t\t\t\t<\/div>\n\t\t\t\t\t\t<a href=\"\" class=\"btn bg-blue mt-auto\">Leggi di pi\u00f9<\/a>\n\t\t\t\t\t<\/div>\n\t\t\t\t\t\t\t\t\t<div class=\"bg-white border-red border-3 lg:border-6 p-4 lg:p-8 flex flex-col items-start\">\n\t\t\t\t\t\t<div class=\"mb-6\">\n\t\t\t\t\t\t\t<span class=\"block uppercase font-bold\">Traslational Research<\/span>\n\t\t\t\t\t\t<\/div>\n\t\t\t\t\t\t<a href=\"https:\/\/irccs.com\/it\/ricerca\/traslational-research\/\" class=\"btn bg-blue mt-auto\">Leggi di pi\u00f9<\/a>\n\t\t\t\t\t<\/div>\n\t\t\t\t\t\t\t\t\t<\/div>\n\t<\/div>\n<\/div>\n\n\t<\/div>\n","protected":false},"excerpt":{"rendered":"<p>Ricerca innovativa&nbsp; per il futuro delle cure oncologiche<\/p>\n<p>All\u2019IRCCS di Candiolo siamo convinti che la ricerca sia la chiave per migliorare &#8230;<\/p>\n","protected":false},"author":3,"featured_media":0,"parent":0,"menu_order":0,"comment_status":"closed","ping_status":"closed","template":"","meta":{"_acf_changed":false,"footnotes":""},"class_list":["post-1356","page","type-page","status-publish","hentry"],"acf":[],"yoast_head":"<!-- This site is optimized with the Yoast SEO plugin v27.2 - https:\/\/yoast.com\/product\/yoast-seo-wordpress\/ -->\n<title>Ricerca - Istituto di Candiolo<\/title>\n<meta name=\"description\" content=\"Ricerca innovativa&nbsp; per il futuro delle cure oncologiche All\u2019IRCCS di Candiolo siamo convinti che la ricerca sia la chiave per migliorare le cure\" \/>\n<meta name=\"robots\" content=\"index, follow, max-snippet:-1, max-image-preview:large, max-video-preview:-1\" \/>\n<link rel=\"canonical\" href=\"https:\/\/irccs.com\/it\/ricerca\/\" \/>\n<meta property=\"og:locale\" content=\"it_IT\" \/>\n<meta property=\"og:type\" content=\"article\" \/>\n<meta property=\"og:title\" content=\"Ricerca - Istituto di Candiolo\" \/>\n<meta property=\"og:description\" content=\"Ricerca innovativa&nbsp; per il futuro delle cure oncologiche All\u2019IRCCS di Candiolo siamo convinti che la ricerca sia la chiave per migliorare le cure\" \/>\n<meta property=\"og:url\" content=\"https:\/\/irccs.com\/it\/ricerca\/\" \/>\n<meta property=\"og:site_name\" content=\"Istituto di Candiolo\" \/>\n<meta property=\"article:publisher\" content=\"https:\/\/www.facebook.com\/istitutodicandiolo\/\" \/>\n<meta property=\"article:modified_time\" content=\"2025-09-29T15:06:42+00:00\" \/>\n<meta name=\"twitter:card\" content=\"summary_large_image\" \/>\n<meta name=\"twitter:site\" content=\"@fpoirccs\" \/>\n<meta name=\"twitter:label1\" content=\"Tempo di lettura stimato\" \/>\n\t<meta name=\"twitter:data1\" content=\"2 minuti\" \/>\n<script type=\"application\/ld+json\" class=\"yoast-schema-graph\">{\"@context\":\"https:\/\/schema.org\",\"@graph\":[{\"@type\":\"WebPage\",\"@id\":\"https:\/\/irccs.com\/it\/ricerca\/\",\"url\":\"https:\/\/irccs.com\/it\/ricerca\/\",\"name\":\"Ricerca - Istituto di Candiolo\",\"isPartOf\":{\"@id\":\"https:\/\/irccs.com\/it\/#website\"},\"datePublished\":\"2025-02-20T08:59:36+00:00\",\"dateModified\":\"2025-09-29T15:06:42+00:00\",\"description\":\"Ricerca innovativa&nbsp; per il futuro delle cure oncologiche All\u2019IRCCS di Candiolo siamo convinti che la ricerca sia la chiave per migliorare le cure\",\"breadcrumb\":{\"@id\":\"https:\/\/irccs.com\/it\/ricerca\/#breadcrumb\"},\"inLanguage\":\"it-IT\",\"potentialAction\":[{\"@type\":\"ReadAction\",\"target\":[\"https:\/\/irccs.com\/it\/ricerca\/\"]}]},{\"@type\":\"BreadcrumbList\",\"@id\":\"https:\/\/irccs.com\/it\/ricerca\/#breadcrumb\",\"itemListElement\":[{\"@type\":\"ListItem\",\"position\":1,\"name\":\"Home\",\"item\":\"https:\/\/irccs.com\/it\/\"},{\"@type\":\"ListItem\",\"position\":2,\"name\":\"Ricerca\"}]},{\"@type\":\"WebSite\",\"@id\":\"https:\/\/irccs.com\/it\/#website\",\"url\":\"https:\/\/irccs.com\/it\/\",\"name\":\"INOC\",\"description\":\"\",\"potentialAction\":[{\"@type\":\"SearchAction\",\"target\":{\"@type\":\"EntryPoint\",\"urlTemplate\":\"https:\/\/irccs.com\/it\/?s={search_term_string}\"},\"query-input\":{\"@type\":\"PropertyValueSpecification\",\"valueRequired\":true,\"valueName\":\"search_term_string\"}}],\"inLanguage\":\"it-IT\"}]}<\/script>\n<!-- \/ Yoast SEO plugin. -->","yoast_head_json":{"title":"Ricerca - Istituto di Candiolo","description":"Ricerca innovativa&nbsp; per il futuro delle cure oncologiche All\u2019IRCCS di Candiolo siamo convinti che la ricerca sia la chiave per migliorare le cure","robots":{"index":"index","follow":"follow","max-snippet":"max-snippet:-1","max-image-preview":"max-image-preview:large","max-video-preview":"max-video-preview:-1"},"canonical":"https:\/\/irccs.com\/it\/ricerca\/","og_locale":"it_IT","og_type":"article","og_title":"Ricerca - Istituto di Candiolo","og_description":"Ricerca innovativa&nbsp; per il futuro delle cure oncologiche All\u2019IRCCS di Candiolo siamo convinti che la ricerca sia la chiave per migliorare le cure","og_url":"https:\/\/irccs.com\/it\/ricerca\/","og_site_name":"Istituto di Candiolo","article_publisher":"https:\/\/www.facebook.com\/istitutodicandiolo\/","article_modified_time":"2025-09-29T15:06:42+00:00","twitter_card":"summary_large_image","twitter_site":"@fpoirccs","twitter_misc":{"Tempo di lettura stimato":"2 minuti"},"schema":{"@context":"https:\/\/schema.org","@graph":[{"@type":"WebPage","@id":"https:\/\/irccs.com\/it\/ricerca\/","url":"https:\/\/irccs.com\/it\/ricerca\/","name":"Ricerca - Istituto di Candiolo","isPartOf":{"@id":"https:\/\/irccs.com\/it\/#website"},"datePublished":"2025-02-20T08:59:36+00:00","dateModified":"2025-09-29T15:06:42+00:00","description":"Ricerca innovativa&nbsp; per il futuro delle cure oncologiche All\u2019IRCCS di Candiolo siamo convinti che la ricerca sia la chiave per migliorare le cure","breadcrumb":{"@id":"https:\/\/irccs.com\/it\/ricerca\/#breadcrumb"},"inLanguage":"it-IT","potentialAction":[{"@type":"ReadAction","target":["https:\/\/irccs.com\/it\/ricerca\/"]}]},{"@type":"BreadcrumbList","@id":"https:\/\/irccs.com\/it\/ricerca\/#breadcrumb","itemListElement":[{"@type":"ListItem","position":1,"name":"Home","item":"https:\/\/irccs.com\/it\/"},{"@type":"ListItem","position":2,"name":"Ricerca"}]},{"@type":"WebSite","@id":"https:\/\/irccs.com\/it\/#website","url":"https:\/\/irccs.com\/it\/","name":"INOC","description":"","potentialAction":[{"@type":"SearchAction","target":{"@type":"EntryPoint","urlTemplate":"https:\/\/irccs.com\/it\/?s={search_term_string}"},"query-input":{"@type":"PropertyValueSpecification","valueRequired":true,"valueName":"search_term_string"}}],"inLanguage":"it-IT"}]}},"_links":{"self":[{"href":"https:\/\/irccs.com\/it\/wp-json\/wp\/v2\/pages\/1356","targetHints":{"allow":["GET"]}}],"collection":[{"href":"https:\/\/irccs.com\/it\/wp-json\/wp\/v2\/pages"}],"about":[{"href":"https:\/\/irccs.com\/it\/wp-json\/wp\/v2\/types\/page"}],"author":[{"embeddable":true,"href":"https:\/\/irccs.com\/it\/wp-json\/wp\/v2\/users\/3"}],"replies":[{"embeddable":true,"href":"https:\/\/irccs.com\/it\/wp-json\/wp\/v2\/comments?post=1356"}],"version-history":[{"count":5,"href":"https:\/\/irccs.com\/it\/wp-json\/wp\/v2\/pages\/1356\/revisions"}],"predecessor-version":[{"id":2279,"href":"https:\/\/irccs.com\/it\/wp-json\/wp\/v2\/pages\/1356\/revisions\/2279"}],"wp:attachment":[{"href":"https:\/\/irccs.com\/it\/wp-json\/wp\/v2\/media?parent=1356"}],"curies":[{"name":"wp","href":"https:\/\/api.w.org\/{rel}","templated":true}]}}