{"id":2089,"date":"2025-09-19T13:08:57","date_gmt":"2025-09-19T13:08:57","guid":{"rendered":"https:\/\/staging.irccs.com\/?page_id=2089"},"modified":"2025-09-19T13:08:58","modified_gmt":"2025-09-19T13:08:58","slug":"liste-dattesa","status":"publish","type":"page","link":"https:\/\/irccs.com\/it\/liste-dattesa\/","title":{"rendered":"Liste d&#8217;attesa"},"content":{"rendered":"\n<h3 class=\"wp-block-heading\">Prestazioni ambulatoriali<\/h3>\n\n\n\n<p>Siamo consapevoli di quanto, di fronte a una diagnosi oncologica, il tempo assuma un valore fondamentale. <\/p>\n\n\n\n<p>Per questo motivo, ogni prestazione viene gestita con la massima attenzione e priorit\u00e0: ci\u00f2 che \u00e8 urgente viene garantito in tempi rapidi, mentre i controlli e i follow-up vengono programmati in modo accurato e sereno, per accompagnare il paziente lungo tutto il percorso di cura.<\/p>\n\n\n\n<p>Le liste di attesa sono quindi organizzate in due categorie:<\/p>\n\n\n\n<ul class=\"wp-block-list\">\n<li><strong>prestazioni con necessit\u00e0 di rapida esecuzione<\/strong> (come i primi accessi e le visite Centro Accoglienza e Servizi);<\/li>\n\n\n\n<li><strong>prestazioni programmabili<\/strong> (controlli ed esami di follow-up).<\/li>\n<\/ul>\n\n\n\n<h3 class=\"wp-block-heading\">Ricoveri e interventi chirurgici<\/h3>\n\n\n\n<p>Anche per i ricoveri e gli interventi chirurgici l\u2019Istituto si impegna a garantire <strong>tempi di attesa adeguati e proporzionati all\u2019urgenza oncologica,<\/strong> assicurando che le procedure necessarie vengano eseguite entro 30 giorni dalla prescrizione.<\/p>\n","protected":false},"excerpt":{"rendered":"<p>Prestazioni ambulatoriali<\/p>\n<p>Siamo consapevoli di quanto, di fronte a una diagnosi oncologica, il tempo assuma un valore fondamentale. <\/p>\n<p>Per questo motivo, &#8230;<\/p>\n","protected":false},"author":5,"featured_media":0,"parent":0,"menu_order":0,"comment_status":"closed","ping_status":"closed","template":"","meta":{"_acf_changed":false,"footnotes":""},"class_list":["post-2089","page","type-page","status-publish","hentry"],"acf":[],"yoast_head":"<!-- This site is optimized with the Yoast SEO plugin v27.2 - https:\/\/yoast.com\/product\/yoast-seo-wordpress\/ -->\n<title>Liste d&#039;attesa - Istituto di Candiolo<\/title>\n<meta name=\"description\" content=\"Scopri i tempi di attesa e le prestazioni ambulatoriali, ricoveri e interventi oncologici disponibili all\u2019IRCCS di Candiolo\" \/>\n<meta name=\"robots\" content=\"index, follow, max-snippet:-1, max-image-preview:large, max-video-preview:-1\" \/>\n<link rel=\"canonical\" href=\"https:\/\/irccs.com\/it\/liste-dattesa\/\" \/>\n<meta property=\"og:locale\" content=\"it_IT\" \/>\n<meta property=\"og:type\" content=\"article\" \/>\n<meta property=\"og:title\" content=\"Liste d&#039;attesa - Istituto di Candiolo\" \/>\n<meta property=\"og:description\" content=\"Scopri i tempi di attesa e le prestazioni ambulatoriali, ricoveri e interventi oncologici disponibili all\u2019IRCCS di Candiolo\" \/>\n<meta property=\"og:url\" content=\"https:\/\/irccs.com\/it\/liste-dattesa\/\" \/>\n<meta property=\"og:site_name\" content=\"Istituto di Candiolo\" \/>\n<meta property=\"article:publisher\" content=\"https:\/\/www.facebook.com\/istitutodicandiolo\/\" \/>\n<meta property=\"article:modified_time\" content=\"2025-09-19T13:08:58+00:00\" \/>\n<meta name=\"twitter:card\" content=\"summary_large_image\" \/>\n<meta name=\"twitter:site\" content=\"@fpoirccs\" \/>\n<meta name=\"twitter:label1\" content=\"Tempo di lettura stimato\" \/>\n\t<meta name=\"twitter:data1\" content=\"1 minuto\" \/>\n<script type=\"application\/ld+json\" class=\"yoast-schema-graph\">{\"@context\":\"https:\/\/schema.org\",\"@graph\":[{\"@type\":\"WebPage\",\"@id\":\"https:\/\/irccs.com\/it\/liste-dattesa\/\",\"url\":\"https:\/\/irccs.com\/it\/liste-dattesa\/\",\"name\":\"Liste d'attesa - Istituto di Candiolo\",\"isPartOf\":{\"@id\":\"https:\/\/irccs.com\/it\/#website\"},\"datePublished\":\"2025-09-19T13:08:57+00:00\",\"dateModified\":\"2025-09-19T13:08:58+00:00\",\"description\":\"Scopri i tempi di attesa e le prestazioni ambulatoriali, ricoveri e interventi oncologici disponibili all\u2019IRCCS di Candiolo\",\"breadcrumb\":{\"@id\":\"https:\/\/irccs.com\/it\/liste-dattesa\/#breadcrumb\"},\"inLanguage\":\"it-IT\",\"potentialAction\":[{\"@type\":\"ReadAction\",\"target\":[\"https:\/\/irccs.com\/it\/liste-dattesa\/\"]}]},{\"@type\":\"BreadcrumbList\",\"@id\":\"https:\/\/irccs.com\/it\/liste-dattesa\/#breadcrumb\",\"itemListElement\":[{\"@type\":\"ListItem\",\"position\":1,\"name\":\"Home\",\"item\":\"https:\/\/irccs.com\/it\/\"},{\"@type\":\"ListItem\",\"position\":2,\"name\":\"Liste d&#8217;attesa\"}]},{\"@type\":\"WebSite\",\"@id\":\"https:\/\/irccs.com\/it\/#website\",\"url\":\"https:\/\/irccs.com\/it\/\",\"name\":\"INOC\",\"description\":\"\",\"potentialAction\":[{\"@type\":\"SearchAction\",\"target\":{\"@type\":\"EntryPoint\",\"urlTemplate\":\"https:\/\/irccs.com\/it\/?s={search_term_string}\"},\"query-input\":{\"@type\":\"PropertyValueSpecification\",\"valueRequired\":true,\"valueName\":\"search_term_string\"}}],\"inLanguage\":\"it-IT\"}]}<\/script>\n<!-- \/ Yoast SEO plugin. -->","yoast_head_json":{"title":"Liste d'attesa - Istituto di Candiolo","description":"Scopri i tempi di attesa e le prestazioni ambulatoriali, ricoveri e interventi oncologici disponibili all\u2019IRCCS di Candiolo","robots":{"index":"index","follow":"follow","max-snippet":"max-snippet:-1","max-image-preview":"max-image-preview:large","max-video-preview":"max-video-preview:-1"},"canonical":"https:\/\/irccs.com\/it\/liste-dattesa\/","og_locale":"it_IT","og_type":"article","og_title":"Liste d'attesa - Istituto di Candiolo","og_description":"Scopri i tempi di attesa e le prestazioni ambulatoriali, ricoveri e interventi oncologici disponibili all\u2019IRCCS di Candiolo","og_url":"https:\/\/irccs.com\/it\/liste-dattesa\/","og_site_name":"Istituto di Candiolo","article_publisher":"https:\/\/www.facebook.com\/istitutodicandiolo\/","article_modified_time":"2025-09-19T13:08:58+00:00","twitter_card":"summary_large_image","twitter_site":"@fpoirccs","twitter_misc":{"Tempo di lettura stimato":"1 minuto"},"schema":{"@context":"https:\/\/schema.org","@graph":[{"@type":"WebPage","@id":"https:\/\/irccs.com\/it\/liste-dattesa\/","url":"https:\/\/irccs.com\/it\/liste-dattesa\/","name":"Liste d'attesa - Istituto di Candiolo","isPartOf":{"@id":"https:\/\/irccs.com\/it\/#website"},"datePublished":"2025-09-19T13:08:57+00:00","dateModified":"2025-09-19T13:08:58+00:00","description":"Scopri i tempi di attesa e le prestazioni ambulatoriali, ricoveri e interventi oncologici disponibili all\u2019IRCCS di Candiolo","breadcrumb":{"@id":"https:\/\/irccs.com\/it\/liste-dattesa\/#breadcrumb"},"inLanguage":"it-IT","potentialAction":[{"@type":"ReadAction","target":["https:\/\/irccs.com\/it\/liste-dattesa\/"]}]},{"@type":"BreadcrumbList","@id":"https:\/\/irccs.com\/it\/liste-dattesa\/#breadcrumb","itemListElement":[{"@type":"ListItem","position":1,"name":"Home","item":"https:\/\/irccs.com\/it\/"},{"@type":"ListItem","position":2,"name":"Liste d&#8217;attesa"}]},{"@type":"WebSite","@id":"https:\/\/irccs.com\/it\/#website","url":"https:\/\/irccs.com\/it\/","name":"INOC","description":"","potentialAction":[{"@type":"SearchAction","target":{"@type":"EntryPoint","urlTemplate":"https:\/\/irccs.com\/it\/?s={search_term_string}"},"query-input":{"@type":"PropertyValueSpecification","valueRequired":true,"valueName":"search_term_string"}}],"inLanguage":"it-IT"}]}},"_links":{"self":[{"href":"https:\/\/irccs.com\/it\/wp-json\/wp\/v2\/pages\/2089","targetHints":{"allow":["GET"]}}],"collection":[{"href":"https:\/\/irccs.com\/it\/wp-json\/wp\/v2\/pages"}],"about":[{"href":"https:\/\/irccs.com\/it\/wp-json\/wp\/v2\/types\/page"}],"author":[{"embeddable":true,"href":"https:\/\/irccs.com\/it\/wp-json\/wp\/v2\/users\/5"}],"replies":[{"embeddable":true,"href":"https:\/\/irccs.com\/it\/wp-json\/wp\/v2\/comments?post=2089"}],"version-history":[{"count":1,"href":"https:\/\/irccs.com\/it\/wp-json\/wp\/v2\/pages\/2089\/revisions"}],"predecessor-version":[{"id":2090,"href":"https:\/\/irccs.com\/it\/wp-json\/wp\/v2\/pages\/2089\/revisions\/2090"}],"wp:attachment":[{"href":"https:\/\/irccs.com\/it\/wp-json\/wp\/v2\/media?parent=2089"}],"curies":[{"name":"wp","href":"https:\/\/api.w.org\/{rel}","templated":true}]}}