{"id":2168,"date":"2025-09-24T15:16:21","date_gmt":"2025-09-24T15:16:21","guid":{"rendered":"https:\/\/staging.irccs.com\/?page_id=2168"},"modified":"2025-11-05T09:30:36","modified_gmt":"2025-11-05T09:30:36","slug":"sostieni-la-ricerca-old","status":"publish","type":"page","link":"https:\/\/irccs.com\/it\/sostieni-la-ricerca-old\/","title":{"rendered":"Sostieni la ricerca old"},"content":{"rendered":"\n<p>L\u2019Istituto di Candiolo \u2013 IRCCS \u00e8 un centro di cura e ricerca di eccellenza, nato con un obiettivo chiaro: dare pi\u00f9 speranza e pi\u00f9 futuro a chi affronta un tumore. Essere un IRCCS significa non solo curare i pazienti, ma anche lavorare ogni giorno in laboratorio per migliorare diagnosi, terapie e qualit\u00e0 di vita.<\/p>\n\n\n\n<p><strong>La ricerca \u00e8 la nostra arma pi\u00f9 potente contro il cancro<\/strong>. Ma per trasformare le scoperte scientifiche in cure concrete serve il sostegno di tutti.<\/p>\n\n\n\n<p>Ci sono tanti modi per sostenere la ricerca:<\/p>\n\n\n\n<ul class=\"wp-block-list\">\n<li>donare gratuitamente il <strong>5&#215;1000<\/strong><\/li>\n\n\n\n<li>fare una <strong>donazione libera<\/strong><\/li>\n\n\n\n<li>ricordare una persona cara con una <strong>donazione in memoria<\/strong><\/li>\n\n\n\n<li>scegliere un <strong>regalo solidale<\/strong><\/li>\n\n\n\n<li>fare un <strong>lascito testamentario<\/strong><\/li>\n\n\n\n<li>istituire una <strong>raccolta fondi<\/strong><\/li>\n<\/ul>\n\n\n\n<h3 class=\"wp-block-heading\">Fondazione Piemontese per la Ricerca sul Cancro<\/h3>\n\n\n\n<p>Dal 1986 la <strong><a href=\"http:\/\/www.fprc.it\"><strong>Fondazione Piemontese per la Ricerca sul Cancro<\/strong><\/a><\/strong>, che ha dato vita all\u2019Istituto di Candiolo nel 1996, raccoglie fondi da privati e imprese per finanziare ricerca e assistenza.<\/p>\n\n\n\n<p>Scopri tutte le modalit\u00e0 di sostegno e le iniziative su <strong><a href=\"https:\/\/www.fprc.it\">www.fprc.it<\/a>.<\/strong><\/p>\n","protected":false},"excerpt":{"rendered":"<p>L\u2019Istituto di Candiolo \u2013 IRCCS \u00e8 un centro di cura e ricerca di eccellenza, nato con un obiettivo chiaro: dare &#8230;<\/p>\n","protected":false},"author":5,"featured_media":0,"parent":0,"menu_order":0,"comment_status":"closed","ping_status":"closed","template":"","meta":{"_acf_changed":false,"footnotes":""},"class_list":["post-2168","page","type-page","status-publish","hentry"],"acf":[],"yoast_head":"<!-- This site is optimized with the Yoast SEO plugin v27.4 - https:\/\/yoast.com\/product\/yoast-seo-wordpress\/ -->\n<title>Sostieni la ricerca old - Istituto di Candiolo<\/title>\n<meta name=\"description\" content=\"Sostieni la ricerca sul cancro: dona il 5x1000, fai una donazione, scegli un regalo solidale. Insieme possiamo dare pi\u00f9 speranza ai malati.\" \/>\n<meta name=\"robots\" content=\"index, follow, max-snippet:-1, max-image-preview:large, max-video-preview:-1\" \/>\n<link rel=\"canonical\" href=\"https:\/\/irccs.com\/it\/sostieni-la-ricerca-old\/\" \/>\n<meta property=\"og:locale\" content=\"it_IT\" \/>\n<meta property=\"og:type\" content=\"article\" \/>\n<meta property=\"og:title\" content=\"Sostieni la ricerca old - Istituto di Candiolo\" \/>\n<meta property=\"og:description\" content=\"Sostieni la ricerca sul cancro: dona il 5x1000, fai una donazione, scegli un regalo solidale. Insieme possiamo dare pi\u00f9 speranza ai malati.\" \/>\n<meta property=\"og:url\" content=\"https:\/\/irccs.com\/it\/sostieni-la-ricerca-old\/\" \/>\n<meta property=\"og:site_name\" content=\"Istituto di Candiolo\" \/>\n<meta property=\"article:publisher\" content=\"https:\/\/www.facebook.com\/istitutodicandiolo\/\" \/>\n<meta property=\"article:modified_time\" content=\"2025-11-05T09:30:36+00:00\" \/>\n<meta name=\"twitter:card\" content=\"summary_large_image\" \/>\n<meta name=\"twitter:site\" content=\"@fpoirccs\" \/>\n<meta name=\"twitter:label1\" content=\"Tempo di lettura stimato\" \/>\n\t<meta name=\"twitter:data1\" content=\"1 minuto\" \/>\n<script type=\"application\/ld+json\" class=\"yoast-schema-graph\">{\"@context\":\"https:\\\/\\\/schema.org\",\"@graph\":[{\"@type\":\"WebPage\",\"@id\":\"https:\\\/\\\/irccs.com\\\/it\\\/sostieni-la-ricerca-old\\\/\",\"url\":\"https:\\\/\\\/irccs.com\\\/it\\\/sostieni-la-ricerca-old\\\/\",\"name\":\"Sostieni la ricerca old - Istituto di Candiolo\",\"isPartOf\":{\"@id\":\"https:\\\/\\\/irccs.com\\\/it\\\/#website\"},\"datePublished\":\"2025-09-24T15:16:21+00:00\",\"dateModified\":\"2025-11-05T09:30:36+00:00\",\"description\":\"Sostieni la ricerca sul cancro: dona il 5x1000, fai una donazione, scegli un regalo solidale. Insieme possiamo dare pi\u00f9 speranza ai malati.\",\"breadcrumb\":{\"@id\":\"https:\\\/\\\/irccs.com\\\/it\\\/sostieni-la-ricerca-old\\\/#breadcrumb\"},\"inLanguage\":\"it-IT\",\"potentialAction\":[{\"@type\":\"ReadAction\",\"target\":[\"https:\\\/\\\/irccs.com\\\/it\\\/sostieni-la-ricerca-old\\\/\"]}]},{\"@type\":\"BreadcrumbList\",\"@id\":\"https:\\\/\\\/irccs.com\\\/it\\\/sostieni-la-ricerca-old\\\/#breadcrumb\",\"itemListElement\":[{\"@type\":\"ListItem\",\"position\":1,\"name\":\"Home\",\"item\":\"https:\\\/\\\/irccs.com\\\/it\\\/\"},{\"@type\":\"ListItem\",\"position\":2,\"name\":\"Sostieni la ricerca old\"}]},{\"@type\":\"WebSite\",\"@id\":\"https:\\\/\\\/irccs.com\\\/it\\\/#website\",\"url\":\"https:\\\/\\\/irccs.com\\\/it\\\/\",\"name\":\"INOC\",\"description\":\"\",\"potentialAction\":[{\"@type\":\"SearchAction\",\"target\":{\"@type\":\"EntryPoint\",\"urlTemplate\":\"https:\\\/\\\/irccs.com\\\/it\\\/?s={search_term_string}\"},\"query-input\":{\"@type\":\"PropertyValueSpecification\",\"valueRequired\":true,\"valueName\":\"search_term_string\"}}],\"inLanguage\":\"it-IT\"}]}<\/script>\n<!-- \/ Yoast SEO plugin. -->","yoast_head_json":{"title":"Sostieni la ricerca old - Istituto di Candiolo","description":"Sostieni la ricerca sul cancro: dona il 5x1000, fai una donazione, scegli un regalo solidale. Insieme possiamo dare pi\u00f9 speranza ai malati.","robots":{"index":"index","follow":"follow","max-snippet":"max-snippet:-1","max-image-preview":"max-image-preview:large","max-video-preview":"max-video-preview:-1"},"canonical":"https:\/\/irccs.com\/it\/sostieni-la-ricerca-old\/","og_locale":"it_IT","og_type":"article","og_title":"Sostieni la ricerca old - Istituto di Candiolo","og_description":"Sostieni la ricerca sul cancro: dona il 5x1000, fai una donazione, scegli un regalo solidale. Insieme possiamo dare pi\u00f9 speranza ai malati.","og_url":"https:\/\/irccs.com\/it\/sostieni-la-ricerca-old\/","og_site_name":"Istituto di Candiolo","article_publisher":"https:\/\/www.facebook.com\/istitutodicandiolo\/","article_modified_time":"2025-11-05T09:30:36+00:00","twitter_card":"summary_large_image","twitter_site":"@fpoirccs","twitter_misc":{"Tempo di lettura stimato":"1 minuto"},"schema":{"@context":"https:\/\/schema.org","@graph":[{"@type":"WebPage","@id":"https:\/\/irccs.com\/it\/sostieni-la-ricerca-old\/","url":"https:\/\/irccs.com\/it\/sostieni-la-ricerca-old\/","name":"Sostieni la ricerca old - Istituto di Candiolo","isPartOf":{"@id":"https:\/\/irccs.com\/it\/#website"},"datePublished":"2025-09-24T15:16:21+00:00","dateModified":"2025-11-05T09:30:36+00:00","description":"Sostieni la ricerca sul cancro: dona il 5x1000, fai una donazione, scegli un regalo solidale. Insieme possiamo dare pi\u00f9 speranza ai malati.","breadcrumb":{"@id":"https:\/\/irccs.com\/it\/sostieni-la-ricerca-old\/#breadcrumb"},"inLanguage":"it-IT","potentialAction":[{"@type":"ReadAction","target":["https:\/\/irccs.com\/it\/sostieni-la-ricerca-old\/"]}]},{"@type":"BreadcrumbList","@id":"https:\/\/irccs.com\/it\/sostieni-la-ricerca-old\/#breadcrumb","itemListElement":[{"@type":"ListItem","position":1,"name":"Home","item":"https:\/\/irccs.com\/it\/"},{"@type":"ListItem","position":2,"name":"Sostieni la ricerca old"}]},{"@type":"WebSite","@id":"https:\/\/irccs.com\/it\/#website","url":"https:\/\/irccs.com\/it\/","name":"INOC","description":"","potentialAction":[{"@type":"SearchAction","target":{"@type":"EntryPoint","urlTemplate":"https:\/\/irccs.com\/it\/?s={search_term_string}"},"query-input":{"@type":"PropertyValueSpecification","valueRequired":true,"valueName":"search_term_string"}}],"inLanguage":"it-IT"}]}},"_links":{"self":[{"href":"https:\/\/irccs.com\/it\/wp-json\/wp\/v2\/pages\/2168","targetHints":{"allow":["GET"]}}],"collection":[{"href":"https:\/\/irccs.com\/it\/wp-json\/wp\/v2\/pages"}],"about":[{"href":"https:\/\/irccs.com\/it\/wp-json\/wp\/v2\/types\/page"}],"author":[{"embeddable":true,"href":"https:\/\/irccs.com\/it\/wp-json\/wp\/v2\/users\/5"}],"replies":[{"embeddable":true,"href":"https:\/\/irccs.com\/it\/wp-json\/wp\/v2\/comments?post=2168"}],"version-history":[{"count":4,"href":"https:\/\/irccs.com\/it\/wp-json\/wp\/v2\/pages\/2168\/revisions"}],"predecessor-version":[{"id":3408,"href":"https:\/\/irccs.com\/it\/wp-json\/wp\/v2\/pages\/2168\/revisions\/3408"}],"wp:attachment":[{"href":"https:\/\/irccs.com\/it\/wp-json\/wp\/v2\/media?parent=2168"}],"curies":[{"name":"wp","href":"https:\/\/api.w.org\/{rel}","templated":true}]}}