{"id":2634,"date":"2025-10-10T07:18:14","date_gmt":"2025-10-10T07:18:14","guid":{"rendered":"https:\/\/staging.irccs.com\/?page_id=2634"},"modified":"2025-12-18T11:39:49","modified_gmt":"2025-12-18T11:39:49","slug":"ricoveri","status":"publish","type":"page","link":"https:\/\/irccs.com\/it\/ricoveri\/","title":{"rendered":"Ricoveri"},"content":{"rendered":"\n<h3 class=\"wp-block-heading\">Come accedere al ricovero<\/h3>\n\n\n\n<p>Il medico&nbsp;che ti segue presso l&#8217;Istituto di Candiolo predispone e attiva il tuo ricovero. Il personale di reparto ti contatter\u00e0 per fornirti&nbsp;tutte le informazioni utili.<\/p>\n\n\n\n<h3 class=\"wp-block-heading\">Giorni di ricovero e dimissioni<\/h3>\n\n\n\n<p>I ricoveri ordinari avvengono di norma dal luned\u00ec al venerd\u00ec. Le dimissioni possono avvenire tutti i giorni per i ricoveri ordinari, mentre per i ricoveri diurni dal luned\u00ec al sabato. <\/p>\n\n\n\n<h3 class=\"wp-block-heading\">Arrivo e pratiche amministrative<\/h3>\n\n\n\n<p>Il giorno del ricovero ti chiediamo di attendere all&#8217;esterno del reparto la convocazione da parte del personale sanitario. Ricordati che ti verranno richiesti:<\/p>\n\n\n\n<ul class=\"wp-block-list\">\n<li>documento di identit\u00e0 (anche fotocopia)<\/li>\n\n\n\n<li>Tessera Sanitaria (anche fotocopia)<\/li>\n\n\n\n<li>nome e numero di telefono del tuo medico curante<\/li>\n\n\n\n<li>nomi e numeri di telefono di parenti o persone da contattare in caso di necessit\u00e0<\/li>\n\n\n\n<li>tutta la documentazione clinica disponibile, compresi esami diagnostici e radiologici<\/li>\n\n\n\n<li>i medicinali che assumi abitualmente<\/li>\n<\/ul>\n\n\n\n<h3 class=\"wp-block-heading\">Camere e spazi comuni<\/h3>\n\n\n\n<p> Il nostro personale sanitario ti accompagner\u00e0 direttamente in camera dopo l&#8217;accettazione. Le camere sono tutte confortevoli, con <strong>bagno privato<\/strong>, televisore e aria condizionata. Nei reparti troverai anche un piccolo salottino o biblioteca.<\/p>\n\n\n\n<h3 class=\"wp-block-heading\">Pasti<\/h3>\n\n\n\n<p>I pasti vengono preparati da un servizio esterno e possono essere adattati alle tue preferenze o esigenze dietetiche.<\/p>\n\n\n\n<h3 class=\"wp-block-heading\">Sicurezza e regole del reparto<\/h3>\n\n\n\n<p>Per la tua sicurezza, non \u00e8 possibile uscire dal reparto senza autorizzazione del personale. Non \u00e8 invece consentito portare in camera arredi personali, piante o fiori.<\/p>\n\n\n\n<h3 class=\"wp-block-heading\">Accesso dei visitatori<\/h3>\n\n\n\n<p>I tuoi parenti e conoscenti possono venire a trovarti nei reparti negli orari prestabiliti, sempre nel rispetto delle eventuali limitazioni igienico-sanitarie e secondo le indicazioni che vengono segnalate nel pre-ricovero e affisse sulla porta del reparto. Per aiutarti a riposare e a ricevere le cure nel migliore dei modi:<\/p>\n\n\n\n<ul class=\"wp-block-list\">\n<li>pu\u00f2 entrare <strong>solo un visitatore per letto<\/strong>;<\/li>\n\n\n\n<li>non \u00e8 consentito <strong>portare cibi, bevande o medicinali<\/strong> che possano interferire con le terapie o gli esami. Se hai dubbi, chiedi sempre al personale del reparto (medici o infermieri);<\/li>\n\n\n\n<li>non \u00e8 consentito portare piante e fiori;<\/li>\n\n\n\n<li>i bambini <strong>sotto i 12 anni<\/strong> di norma non possono accedere, a meno di situazioni particolari autorizzate dal personale infermieristico.<\/li>\n<\/ul>\n\n\n\n<h3 class=\"wp-block-heading\">Norme di comportamento<\/h3>\n\n\n\n<p>Per rendere il tuo soggiorno e quello degli altri pazienti pi\u00f9 sicuro e confortevole, ti chiediamo di seguire alcune semplici regole:<\/p>\n\n\n\n<ul class=\"wp-block-list\">\n<li><strong>oggetti personali e valori<\/strong>: tieni sempre chiuso l\u2019armadietto della tua stanza, soprattutto quando ti allontani. Evita di lasciare gioielli, oggetti di valore o grandi somme di denaro: l\u2019Istituto non risponde in caso di furto;<\/li>\n\n\n\n<li><strong>fumo<\/strong>: non \u00e8 consentito fumare all\u2019interno dell\u2019Istituto (L. 3 del 16\/1\/2003);<\/li>\n\n\n\n<li><strong>telefono e dispositivi elettronici<\/strong>: puoi usare il cellulare, il computer o altri apparecchi audiovisivi, ma rispetta il riposo e la privacy degli altri degenti. Non \u00e8 permesso portare ciabatte e prese elettriche multiple perch\u00e9 non a norma. Mantieni il volume dei dispositivi basso e disattiva le suonerie durante le prestazioni sanitarie.<\/li>\n<\/ul>\n\n\n\n<p>Seguendo queste semplici regole, il tuo soggiorno sar\u00e0 pi\u00f9 sereno e sicuro per te e per chi ti sta vicino.<\/p>\n","protected":false},"excerpt":{"rendered":"<p>Come accedere al ricovero<\/p>\n<p>Il medico&nbsp;che ti segue presso l&#8217;Istituto di Candiolo predispone e attiva il tuo ricovero. Il personale di &#8230;<\/p>\n","protected":false},"author":5,"featured_media":0,"parent":0,"menu_order":0,"comment_status":"closed","ping_status":"closed","template":"","meta":{"_acf_changed":false,"footnotes":""},"class_list":["post-2634","page","type-page","status-publish","hentry"],"acf":[],"yoast_head":"<!-- This site is optimized with the Yoast SEO plugin v27.2 - https:\/\/yoast.com\/product\/yoast-seo-wordpress\/ -->\n<title>Ricoveri - Istituto di Candiolo<\/title>\n<meta name=\"description\" content=\"Come accedere al ricovero Il medico&nbsp;che ti segue presso l&#039;Istituto di Candiolo predispone e attiva il tuo ricovero. Il personale di reparto ti\" \/>\n<meta name=\"robots\" content=\"index, follow, max-snippet:-1, max-image-preview:large, max-video-preview:-1\" \/>\n<link rel=\"canonical\" href=\"https:\/\/irccs.com\/it\/ricoveri\/\" \/>\n<meta property=\"og:locale\" content=\"it_IT\" \/>\n<meta property=\"og:type\" content=\"article\" \/>\n<meta property=\"og:title\" content=\"Ricoveri - Istituto di Candiolo\" \/>\n<meta property=\"og:description\" content=\"Come accedere al ricovero Il medico&nbsp;che ti segue presso l&#039;Istituto di Candiolo predispone e attiva il tuo ricovero. Il personale di reparto ti\" \/>\n<meta property=\"og:url\" content=\"https:\/\/irccs.com\/it\/ricoveri\/\" \/>\n<meta property=\"og:site_name\" content=\"Istituto di Candiolo\" \/>\n<meta property=\"article:publisher\" content=\"https:\/\/www.facebook.com\/istitutodicandiolo\/\" \/>\n<meta property=\"article:modified_time\" content=\"2025-12-18T11:39:49+00:00\" \/>\n<meta name=\"twitter:card\" content=\"summary_large_image\" \/>\n<meta name=\"twitter:site\" content=\"@fpoirccs\" \/>\n<meta name=\"twitter:label1\" content=\"Tempo di lettura stimato\" \/>\n\t<meta name=\"twitter:data1\" content=\"3 minuti\" \/>\n<script type=\"application\/ld+json\" class=\"yoast-schema-graph\">{\"@context\":\"https:\/\/schema.org\",\"@graph\":[{\"@type\":\"WebPage\",\"@id\":\"https:\/\/irccs.com\/it\/ricoveri\/\",\"url\":\"https:\/\/irccs.com\/it\/ricoveri\/\",\"name\":\"Ricoveri - Istituto di Candiolo\",\"isPartOf\":{\"@id\":\"https:\/\/irccs.com\/it\/#website\"},\"datePublished\":\"2025-10-10T07:18:14+00:00\",\"dateModified\":\"2025-12-18T11:39:49+00:00\",\"description\":\"Come accedere al ricovero Il medico&nbsp;che ti segue presso l'Istituto di Candiolo predispone e attiva il tuo ricovero. Il personale di reparto ti\",\"breadcrumb\":{\"@id\":\"https:\/\/irccs.com\/it\/ricoveri\/#breadcrumb\"},\"inLanguage\":\"it-IT\",\"potentialAction\":[{\"@type\":\"ReadAction\",\"target\":[\"https:\/\/irccs.com\/it\/ricoveri\/\"]}]},{\"@type\":\"BreadcrumbList\",\"@id\":\"https:\/\/irccs.com\/it\/ricoveri\/#breadcrumb\",\"itemListElement\":[{\"@type\":\"ListItem\",\"position\":1,\"name\":\"Home\",\"item\":\"https:\/\/irccs.com\/it\/\"},{\"@type\":\"ListItem\",\"position\":2,\"name\":\"Ricoveri\"}]},{\"@type\":\"WebSite\",\"@id\":\"https:\/\/irccs.com\/it\/#website\",\"url\":\"https:\/\/irccs.com\/it\/\",\"name\":\"INOC\",\"description\":\"\",\"potentialAction\":[{\"@type\":\"SearchAction\",\"target\":{\"@type\":\"EntryPoint\",\"urlTemplate\":\"https:\/\/irccs.com\/it\/?s={search_term_string}\"},\"query-input\":{\"@type\":\"PropertyValueSpecification\",\"valueRequired\":true,\"valueName\":\"search_term_string\"}}],\"inLanguage\":\"it-IT\"}]}<\/script>\n<!-- \/ Yoast SEO plugin. -->","yoast_head_json":{"title":"Ricoveri - Istituto di Candiolo","description":"Come accedere al ricovero Il medico&nbsp;che ti segue presso l'Istituto di Candiolo predispone e attiva il tuo ricovero. Il personale di reparto ti","robots":{"index":"index","follow":"follow","max-snippet":"max-snippet:-1","max-image-preview":"max-image-preview:large","max-video-preview":"max-video-preview:-1"},"canonical":"https:\/\/irccs.com\/it\/ricoveri\/","og_locale":"it_IT","og_type":"article","og_title":"Ricoveri - Istituto di Candiolo","og_description":"Come accedere al ricovero Il medico&nbsp;che ti segue presso l'Istituto di Candiolo predispone e attiva il tuo ricovero. Il personale di reparto ti","og_url":"https:\/\/irccs.com\/it\/ricoveri\/","og_site_name":"Istituto di Candiolo","article_publisher":"https:\/\/www.facebook.com\/istitutodicandiolo\/","article_modified_time":"2025-12-18T11:39:49+00:00","twitter_card":"summary_large_image","twitter_site":"@fpoirccs","twitter_misc":{"Tempo di lettura stimato":"3 minuti"},"schema":{"@context":"https:\/\/schema.org","@graph":[{"@type":"WebPage","@id":"https:\/\/irccs.com\/it\/ricoveri\/","url":"https:\/\/irccs.com\/it\/ricoveri\/","name":"Ricoveri - Istituto di Candiolo","isPartOf":{"@id":"https:\/\/irccs.com\/it\/#website"},"datePublished":"2025-10-10T07:18:14+00:00","dateModified":"2025-12-18T11:39:49+00:00","description":"Come accedere al ricovero Il medico&nbsp;che ti segue presso l'Istituto di Candiolo predispone e attiva il tuo ricovero. Il personale di reparto ti","breadcrumb":{"@id":"https:\/\/irccs.com\/it\/ricoveri\/#breadcrumb"},"inLanguage":"it-IT","potentialAction":[{"@type":"ReadAction","target":["https:\/\/irccs.com\/it\/ricoveri\/"]}]},{"@type":"BreadcrumbList","@id":"https:\/\/irccs.com\/it\/ricoveri\/#breadcrumb","itemListElement":[{"@type":"ListItem","position":1,"name":"Home","item":"https:\/\/irccs.com\/it\/"},{"@type":"ListItem","position":2,"name":"Ricoveri"}]},{"@type":"WebSite","@id":"https:\/\/irccs.com\/it\/#website","url":"https:\/\/irccs.com\/it\/","name":"INOC","description":"","potentialAction":[{"@type":"SearchAction","target":{"@type":"EntryPoint","urlTemplate":"https:\/\/irccs.com\/it\/?s={search_term_string}"},"query-input":{"@type":"PropertyValueSpecification","valueRequired":true,"valueName":"search_term_string"}}],"inLanguage":"it-IT"}]}},"_links":{"self":[{"href":"https:\/\/irccs.com\/it\/wp-json\/wp\/v2\/pages\/2634","targetHints":{"allow":["GET"]}}],"collection":[{"href":"https:\/\/irccs.com\/it\/wp-json\/wp\/v2\/pages"}],"about":[{"href":"https:\/\/irccs.com\/it\/wp-json\/wp\/v2\/types\/page"}],"author":[{"embeddable":true,"href":"https:\/\/irccs.com\/it\/wp-json\/wp\/v2\/users\/5"}],"replies":[{"embeddable":true,"href":"https:\/\/irccs.com\/it\/wp-json\/wp\/v2\/comments?post=2634"}],"version-history":[{"count":5,"href":"https:\/\/irccs.com\/it\/wp-json\/wp\/v2\/pages\/2634\/revisions"}],"predecessor-version":[{"id":4274,"href":"https:\/\/irccs.com\/it\/wp-json\/wp\/v2\/pages\/2634\/revisions\/4274"}],"wp:attachment":[{"href":"https:\/\/irccs.com\/it\/wp-json\/wp\/v2\/media?parent=2634"}],"curies":[{"name":"wp","href":"https:\/\/api.w.org\/{rel}","templated":true}]}}