{"id":2737,"date":"2025-10-10T15:58:14","date_gmt":"2025-10-10T15:58:14","guid":{"rendered":"https:\/\/staging.irccs.com\/?page_id=2737"},"modified":"2026-03-27T13:43:32","modified_gmt":"2026-03-27T12:43:32","slug":"board-utenti","status":"publish","type":"page","link":"https:\/\/irccs.com\/it\/board-utenti\/","title":{"rendered":"Board Utenti"},"content":{"rendered":"\n<h2 class=\"wp-block-heading\"><span  id=\"partecipazione-e-dialogo\" class=\"h2_anchor\"><\/span>Partecipazione e dialogo<\/h2>\n\n\n\n<p>La <strong>partecipazione dei pazienti e utenti alla programmazione delle scelte sanitarie<\/strong> e il suo coinvolgimento nei processi decisionali sono condizioni imprescindibili in un sistema sanitario moderno e interessato all\u2019efficacia, qualit\u00e0 ed efficienza dei servizi offerti.<\/p>\n\n\n\n<p>L\u2019IRCCS di Candiolo si \u00e8 reso promotore della costituzione di un team di rappresentanti dei pazienti, il\u201cboard\u201d, per porre l\u2019utente come attore protagonista all\u2019interno del sistema di cura favorendo un dialogo tra le parti, con lo scopo di migliorare i seguenti <strong>obiettivi<\/strong>:<\/p>\n\n\n\n<ul class=\"wp-block-list\">\n<li>ampliare la visione strategica dell\u2019organizzazione, identificando priorit\u00e0, aspettative e bisogni dei pazienti;<\/li>\n\n\n\n<li>integrare il punto di vista di pazienti e familiari nei processi decisionali di assistenza, cura e ricerca;<\/li>\n\n\n\n<li>ripensare i processi di interazione tra la struttura sanitaria e l\u2019utente e i suoi bisogni, in ottica di miglioramento continuo dei prodotti e dei servizi;<\/li>\n\n\n\n<li>impattare positivamente sulla patient education e l\u2019empowerment in oncologia, visto come approccio bidirezionale alla formazione\/informazione e comunicazione.<\/li>\n<\/ul>\n\n\n\n<p><strong>I rappresentanti<\/strong> dei pazienti vengono individuati seguendo i seguenti criteri:<\/p>\n\n\n\n<ul class=\"wp-block-list\">\n<li>pazienti in carico all\u2019Istituto da almeno 6 mesi;<\/li>\n\n\n\n<li>pazienti che abbiano un rapporto di cura continuativo con l\u2019Istituto;<\/li>\n\n\n\n<li>pazienti presi in carico da discipline differenti (Chirurgiche e Mediche), al fine di assemblare un campione rappresentativo dei vari percorsi di cura.<\/li>\n<\/ul>\n\n\n\n<p>I candidati all\u2019ingresso del board vengono individuati su suggerimento dei medici dell\u2019Istituto tra i pazienti rispondenti ai criteri di cui sopra e successivamente convocati dal Direttore Sanitario per la proposta di reclutamento nel board. L\u2019ingresso all\u2019interno del board, in seguito alla convocazione, \u00e8 soggetto alla volontariet\u00e0 del paziente stesso in qualsiasi momento, per motivi di varia natura, il paziente pu\u00f2 scegliere di abbandonare il board previa comunicazione alla Direzione Sanitaria.<\/p>\n\n\n\n<p>Ai fini di facilitare lo scambio di opinioni, pur preservando la pluralit\u00e0 dei suggerimenti, il board \u00e8 costituito da un numero di pazienti compreso tra 13 e 18.<\/p>\n\n\n\t<div id=\"block_69c67b7341d51\" class=\"board-block acf-block\">\n\t\t\n<div class=\"my-10\">\n\t<div class=\"flex flex-col lg:flex-row gap-y-12 gap-x-24 2xl:gap-x-36\">\n\t\t<div class=\"lg:w-1\/2\">\n\t\t\t\t\t\t\t<div class=\"h3 board_list lg:columns-2 2xl:gap-x-24\">\n\t\t\t\t\t\t\t\t\t\t\t<p class=\"border-b-2 border-red py-4 !mt-0 break-inside-avoid-column\">Michelangelo Agnello<\/p>\n\t\t\t\t\t\t\t\t\t\t\t<p class=\"border-b-2 border-red py-4 !mt-0 break-inside-avoid-column\">Michela Balconi<\/p>\n\t\t\t\t\t\t\t\t\t\t\t<p class=\"border-b-2 border-red py-4 !mt-0 break-inside-avoid-column\">Sara Maria Cantarutti<\/p>\n\t\t\t\t\t\t\t\t\t\t\t<p class=\"border-b-2 border-red py-4 !mt-0 break-inside-avoid-column\">Isabella Castellano<\/p>\n\t\t\t\t\t\t\t\t\t\t\t<p class=\"border-b-2 border-red py-4 !mt-0 break-inside-avoid-column\">Matilde Dalmasso<\/p>\n\t\t\t\t\t\t\t\t\t\t\t<p class=\"border-b-2 border-red py-4 !mt-0 break-inside-avoid-column\">Anais Houdu <\/p>\n\t\t\t\t\t\t\t\t\t\t\t<p class=\"border-b-2 border-red py-4 !mt-0 break-inside-avoid-column\">Giuseppe Ingemi<\/p>\n\t\t\t\t\t\t\t\t\t\t\t<p class=\"border-b-2 border-red py-4 !mt-0 break-inside-avoid-column\">Claudia Maccarri<\/p>\n\t\t\t\t\t\t\t\t\t\t\t<p class=\"border-b-2 border-red py-4 !mt-0 break-inside-avoid-column\">Alan Emil Manley<\/p>\n\t\t\t\t\t\t\t\t\t\t\t<p class=\"border-b-2 border-red py-4 !mt-0 break-inside-avoid-column\">Giorgia Matli<\/p>\n\t\t\t\t\t\t\t\t\t\t\t<p class=\"border-b-2 border-red py-4 !mt-0 break-inside-avoid-column\">Carla Monferrato<\/p>\n\t\t\t\t\t\t\t\t\t\t\t<p class=\"border-b-2 border-red py-4 !mt-0 break-inside-avoid-column\">Daniela Pellegrino<\/p>\n\t\t\t\t\t\t\t\t\t\t\t<p class=\"border-b-2 border-red py-4 !mt-0 break-inside-avoid-column\">Paolo Porasso<\/p>\n\t\t\t\t\t\t\t\t\t\t\t<p class=\"border-b-2 border-red py-4 !mt-0 break-inside-avoid-column\">Antonio Racioppi<\/p>\n\t\t\t\t\t\t\t\t\t\t\t<p class=\"border-b-2 border-red py-4 !mt-0 break-inside-avoid-column\">Vittorio Vizzini<\/p>\n\t\t\t\t\t\t\t\t\t\t\t<p class=\"border-b-2 border-red py-4 !mt-0 break-inside-avoid-column\">Dimitrov Vojo<\/p>\n\t\t\t\t\t\t\t\t\t\t\t<p class=\"border-b-2 border-red py-4 !mt-0 break-inside-avoid-column\">Salvatore Zafarana<\/p>\n\t\t\t\t\t\t\t\t\t<\/div>\n\t\t\t\t\t<\/div>\n\t\t<div class=\"flex-1 lg:mt-4\">\n\t\t\t<div class=\"p-8 lg:p-14 bg-blue-lighter\/10\">\n\t\t\t\t\t\t\t\t\t<h2 class=\"text-blue-lighter mb-8 lg:mb-16\">Calendario incontri Board Utenti<\/h2>\n\t\t\t\t\t\t\t\t\t\t\t\t\t<div class=\"space-y-8\">\n\t\t\t\t\t\t\t\t\t\t\t\t\t<div>\n\t\t\t\t\t\t\t\t<h3 class=\"mb-1\">4\/3\/2026<\/h3>\n\t\t\t\t\t\t\t\t<p><\/p>\n\t\t\t\t\t\t\t<\/div>\n\t\t\t\t\t\t\t\t\t\t\t\t\t<div>\n\t\t\t\t\t\t\t\t<h3 class=\"mb-1\">15\/12\/2025<\/h3>\n\t\t\t\t\t\t\t\t<p><\/p>\n\t\t\t\t\t\t\t<\/div>\n\t\t\t\t\t\t\t\t\t\t\t\t\t<div>\n\t\t\t\t\t\t\t\t<h3 class=\"mb-1\">13\/05\/2025<\/h3>\n\t\t\t\t\t\t\t\t<p><\/p>\n\t\t\t\t\t\t\t<\/div>\n\t\t\t\t\t\t\t\t\t\t\t\t\t<div>\n\t\t\t\t\t\t\t\t<h3 class=\"mb-1\">18\/12\/2024<\/h3>\n\t\t\t\t\t\t\t\t<p><\/p>\n\t\t\t\t\t\t\t<\/div>\n\t\t\t\t\t\t\t\t\t\t\t\t\t<div>\n\t\t\t\t\t\t\t\t<h3 class=\"mb-1\">15\/05\/2024<\/h3>\n\t\t\t\t\t\t\t\t<p><\/p>\n\t\t\t\t\t\t\t<\/div>\n\t\t\t\t\t\t\t\t\t\t\t\t\t<div>\n\t\t\t\t\t\t\t\t<h3 class=\"mb-1\">18\/12\/2024<\/h3>\n\t\t\t\t\t\t\t\t<p><\/p>\n\t\t\t\t\t\t\t<\/div>\n\t\t\t\t\t\t\t\t\t\t\t<\/div>\n\t\t\t\t\t\t\t<\/div>\n\t\t<\/div>\n\t<\/div>\n<\/div>\n\n\t<\/div>\n","protected":false},"excerpt":{"rendered":"<p>Partecipazione e dialogo<\/p>\n<p>La partecipazione dei pazienti e utenti alla programmazione delle scelte sanitarie e il suo coinvolgimento nei processi decisionali &#8230;<\/p>\n","protected":false},"author":5,"featured_media":0,"parent":0,"menu_order":0,"comment_status":"closed","ping_status":"closed","template":"","meta":{"_acf_changed":false,"footnotes":""},"class_list":["post-2737","page","type-page","status-publish","hentry"],"acf":[],"yoast_head":"<!-- This site is optimized with the Yoast SEO plugin v27.2 - https:\/\/yoast.com\/product\/yoast-seo-wordpress\/ -->\n<title>Board Utenti - Istituto di Candiolo<\/title>\n<meta name=\"description\" content=\"L\u2019IRCCS di Candiolo promuove il Board Utenti: un gruppo di rappresentanti dei pazienti per migliorare qualit\u00e0, efficacia e partecipazione nelle scelte sanitarie.\" \/>\n<meta name=\"robots\" content=\"index, follow, max-snippet:-1, max-image-preview:large, max-video-preview:-1\" \/>\n<link rel=\"canonical\" href=\"https:\/\/irccs.com\/it\/board-utenti\/\" \/>\n<meta property=\"og:locale\" content=\"it_IT\" \/>\n<meta property=\"og:type\" content=\"article\" \/>\n<meta property=\"og:title\" content=\"Board Utenti - Istituto di Candiolo\" \/>\n<meta property=\"og:description\" content=\"L\u2019IRCCS di Candiolo promuove il Board Utenti: un gruppo di rappresentanti dei pazienti per migliorare qualit\u00e0, efficacia e partecipazione nelle scelte sanitarie.\" \/>\n<meta property=\"og:url\" content=\"https:\/\/irccs.com\/it\/board-utenti\/\" \/>\n<meta property=\"og:site_name\" content=\"Istituto di Candiolo\" \/>\n<meta property=\"article:publisher\" content=\"https:\/\/www.facebook.com\/istitutodicandiolo\/\" \/>\n<meta property=\"article:modified_time\" content=\"2026-03-27T12:43:32+00:00\" \/>\n<meta name=\"twitter:card\" content=\"summary_large_image\" \/>\n<meta name=\"twitter:site\" content=\"@fpoirccs\" \/>\n<meta name=\"twitter:label1\" content=\"Tempo di lettura stimato\" \/>\n\t<meta name=\"twitter:data1\" content=\"2 minuti\" \/>\n<script type=\"application\/ld+json\" class=\"yoast-schema-graph\">{\"@context\":\"https:\/\/schema.org\",\"@graph\":[{\"@type\":\"WebPage\",\"@id\":\"https:\/\/irccs.com\/it\/board-utenti\/\",\"url\":\"https:\/\/irccs.com\/it\/board-utenti\/\",\"name\":\"Board Utenti - Istituto di Candiolo\",\"isPartOf\":{\"@id\":\"https:\/\/irccs.com\/it\/#website\"},\"datePublished\":\"2025-10-10T15:58:14+00:00\",\"dateModified\":\"2026-03-27T12:43:32+00:00\",\"description\":\"L\u2019IRCCS di Candiolo promuove il Board Utenti: un gruppo di rappresentanti dei pazienti per migliorare qualit\u00e0, efficacia e partecipazione nelle scelte sanitarie.\",\"breadcrumb\":{\"@id\":\"https:\/\/irccs.com\/it\/board-utenti\/#breadcrumb\"},\"inLanguage\":\"it-IT\",\"potentialAction\":[{\"@type\":\"ReadAction\",\"target\":[\"https:\/\/irccs.com\/it\/board-utenti\/\"]}]},{\"@type\":\"BreadcrumbList\",\"@id\":\"https:\/\/irccs.com\/it\/board-utenti\/#breadcrumb\",\"itemListElement\":[{\"@type\":\"ListItem\",\"position\":1,\"name\":\"Home\",\"item\":\"https:\/\/irccs.com\/it\/\"},{\"@type\":\"ListItem\",\"position\":2,\"name\":\"Board Utenti\"}]},{\"@type\":\"WebSite\",\"@id\":\"https:\/\/irccs.com\/it\/#website\",\"url\":\"https:\/\/irccs.com\/it\/\",\"name\":\"INOC\",\"description\":\"\",\"potentialAction\":[{\"@type\":\"SearchAction\",\"target\":{\"@type\":\"EntryPoint\",\"urlTemplate\":\"https:\/\/irccs.com\/it\/?s={search_term_string}\"},\"query-input\":{\"@type\":\"PropertyValueSpecification\",\"valueRequired\":true,\"valueName\":\"search_term_string\"}}],\"inLanguage\":\"it-IT\"}]}<\/script>\n<!-- \/ Yoast SEO plugin. -->","yoast_head_json":{"title":"Board Utenti - Istituto di Candiolo","description":"L\u2019IRCCS di Candiolo promuove il Board Utenti: un gruppo di rappresentanti dei pazienti per migliorare qualit\u00e0, efficacia e partecipazione nelle scelte sanitarie.","robots":{"index":"index","follow":"follow","max-snippet":"max-snippet:-1","max-image-preview":"max-image-preview:large","max-video-preview":"max-video-preview:-1"},"canonical":"https:\/\/irccs.com\/it\/board-utenti\/","og_locale":"it_IT","og_type":"article","og_title":"Board Utenti - Istituto di Candiolo","og_description":"L\u2019IRCCS di Candiolo promuove il Board Utenti: un gruppo di rappresentanti dei pazienti per migliorare qualit\u00e0, efficacia e partecipazione nelle scelte sanitarie.","og_url":"https:\/\/irccs.com\/it\/board-utenti\/","og_site_name":"Istituto di Candiolo","article_publisher":"https:\/\/www.facebook.com\/istitutodicandiolo\/","article_modified_time":"2026-03-27T12:43:32+00:00","twitter_card":"summary_large_image","twitter_site":"@fpoirccs","twitter_misc":{"Tempo di lettura stimato":"2 minuti"},"schema":{"@context":"https:\/\/schema.org","@graph":[{"@type":"WebPage","@id":"https:\/\/irccs.com\/it\/board-utenti\/","url":"https:\/\/irccs.com\/it\/board-utenti\/","name":"Board Utenti - Istituto di Candiolo","isPartOf":{"@id":"https:\/\/irccs.com\/it\/#website"},"datePublished":"2025-10-10T15:58:14+00:00","dateModified":"2026-03-27T12:43:32+00:00","description":"L\u2019IRCCS di Candiolo promuove il Board Utenti: un gruppo di rappresentanti dei pazienti per migliorare qualit\u00e0, efficacia e partecipazione nelle scelte sanitarie.","breadcrumb":{"@id":"https:\/\/irccs.com\/it\/board-utenti\/#breadcrumb"},"inLanguage":"it-IT","potentialAction":[{"@type":"ReadAction","target":["https:\/\/irccs.com\/it\/board-utenti\/"]}]},{"@type":"BreadcrumbList","@id":"https:\/\/irccs.com\/it\/board-utenti\/#breadcrumb","itemListElement":[{"@type":"ListItem","position":1,"name":"Home","item":"https:\/\/irccs.com\/it\/"},{"@type":"ListItem","position":2,"name":"Board Utenti"}]},{"@type":"WebSite","@id":"https:\/\/irccs.com\/it\/#website","url":"https:\/\/irccs.com\/it\/","name":"INOC","description":"","potentialAction":[{"@type":"SearchAction","target":{"@type":"EntryPoint","urlTemplate":"https:\/\/irccs.com\/it\/?s={search_term_string}"},"query-input":{"@type":"PropertyValueSpecification","valueRequired":true,"valueName":"search_term_string"}}],"inLanguage":"it-IT"}]}},"_links":{"self":[{"href":"https:\/\/irccs.com\/it\/wp-json\/wp\/v2\/pages\/2737","targetHints":{"allow":["GET"]}}],"collection":[{"href":"https:\/\/irccs.com\/it\/wp-json\/wp\/v2\/pages"}],"about":[{"href":"https:\/\/irccs.com\/it\/wp-json\/wp\/v2\/types\/page"}],"author":[{"embeddable":true,"href":"https:\/\/irccs.com\/it\/wp-json\/wp\/v2\/users\/5"}],"replies":[{"embeddable":true,"href":"https:\/\/irccs.com\/it\/wp-json\/wp\/v2\/comments?post=2737"}],"version-history":[{"count":5,"href":"https:\/\/irccs.com\/it\/wp-json\/wp\/v2\/pages\/2737\/revisions"}],"predecessor-version":[{"id":6800,"href":"https:\/\/irccs.com\/it\/wp-json\/wp\/v2\/pages\/2737\/revisions\/6800"}],"wp:attachment":[{"href":"https:\/\/irccs.com\/it\/wp-json\/wp\/v2\/media?parent=2737"}],"curies":[{"name":"wp","href":"https:\/\/api.w.org\/{rel}","templated":true}]}}