{"id":3371,"date":"2025-11-05T08:55:13","date_gmt":"2025-11-05T08:55:13","guid":{"rendered":"https:\/\/staging.irccs.com\/?page_id=3371"},"modified":"2026-01-28T09:23:08","modified_gmt":"2026-01-28T08:23:08","slug":"sostieni-la-ricerca","status":"publish","type":"page","link":"https:\/\/irccs.com\/it\/sostieni-la-ricerca\/","title":{"rendered":"Sostieni la ricerca"},"content":{"rendered":"\t<div id=\"block_6979c76ad1c37\" class=\"textimage-block acf-block\">\n\t\t\n\t\t\t\t\t\n\t\t\n\t\n\n<div class=\"flex flex-col gap-y-5 gap-x-36 mb-10 my-10 lg:my-20 lg:flex-row-reverse\">\n\t<div class=\"lg:w-1\/2 \">\n\t\t\t\t\t<span class=\"block accent mb-4 h2 text-blue-lighter\"><p>Fondazione Piemontese per la Ricerca sul Cancro<\/p>\n<\/span>\n\t\t\t\t<div class=\"content\">\n\t\t\t\t\t\t<div class=\"-mx-[30px] my-4 lg:hidden\">\n\t\t\t\t\t\t\t\t\t<img decoding=\"async\" src=\"https:\/\/irccs.com\/wp-content\/uploads\/2026\/01\/Es_CND_Logo-40dx-fondaz_POS_210126-scaled.png\" alt=\"\" class=\"w-full\">\n\t\t\t\t\t\t\t<\/div>\n\t\t\t<p>Dal 1986 la Fondazione Piemontese per la Ricerca sul Cancro, che ha dato vita all\u2019Istituto di Candiolo nel 1996, raccoglie fondi da privati e imprese per finanziare ricerca e assistenza.<\/p>\n<p>Scopri tutte le modalit\u00e0 di sostegno e le iniziative su <a href=\"https:\/\/fprc.it\/sostienici\/come-donare\/?utm_source=website+Irccs&amp;utm_medium=bottone&amp;utm_campaign=referral\" target=\"_blank\" rel=\"noopener\">www.fprc.it<\/a>.<\/p>\n\n\t\t\t\t\t<\/div>\n\t<\/div>\n\t<div class=\"hidden lg:block lg:w-1\/2 relative\">\n\t\t<div class=\"h-full\">\n\t\t\t\t\t\t\t<img decoding=\"async\" src=\"https:\/\/irccs.com\/wp-content\/uploads\/2026\/01\/Es_CND_Logo-40dx-fondaz_POS_210126-scaled.png\" alt=\"\" class=\"w-full h-full object-cover\">\n\t\t\t\t\t<\/div>\n\t<\/div>\n<\/div>\n\n\t<\/div>\n\n\n\t<div id=\"block_6979c76ad1c85\" class=\"textimage-block acf-block\">\n\t\t\n\t\t\t\t\t\n\t\t\n\n\n<div class=\"flex flex-col gap-y-5 gap-x-36 mb-10 my-10 lg:my-20 lg:flex-row\">\n\t<div class=\"lg:w-1\/2 \">\n\t\t\t\t<div class=\"content\">\n\t\t\t\t\t\t<div class=\"-mx-[30px] my-4 lg:hidden\">\n\t\t\t\t\t\t\t\t\t<img decoding=\"async\" src=\"https:\/\/irccs.com\/wp-content\/uploads\/2025\/11\/sostieni_la_ricerca.png\" alt=\"\" class=\"w-full\">\n\t\t\t\t\t\t\t<\/div>\n\t\t\t<p><strong>L\u2019Istituto di Candiolo \u2013 IRCCS \u00e8 un centro di cura e ricerca di eccellenza, nato con un obiettivo chiaro: dare pi\u00f9 speranza e pi\u00f9 futuro a chi affronta un tumore. <\/strong><\/p>\n<p>Essere un IRCCS significa non solo curare i pazienti, ma anche lavorare ogni giorno in laboratorio per migliorare diagnosi, terapie e qualit\u00e0 di vita. La ricerca \u00e8 la nostra arma pi\u00f9 potente contro il cancro. Ma per trasformare le scoperte scientifiche in cure concrete serve il sostegno di tutti.<\/p>\n\n\t\t\t\t\t<\/div>\n\t<\/div>\n\t<div class=\"hidden lg:block lg:w-1\/2 relative\">\n\t\t<div class=\"h-full\">\n\t\t\t\t\t\t\t<img decoding=\"async\" src=\"https:\/\/irccs.com\/wp-content\/uploads\/2025\/11\/sostieni_la_ricerca.png\" alt=\"\" class=\"w-full h-full object-cover\">\n\t\t\t\t\t<\/div>\n\t<\/div>\n<\/div>\n\n\t<\/div>\n\n\n\t<div id=\"block_6979c76aec451\" class=\"boxestexticon-block acf-block\">\n\t\t\n<div class=\"relative py-10 lg:py-16\">\n\t<div class=\"absolute top-0 left-1\/2 -translate-x-1\/2 h-full w-screen bg-blue-lighter\/10\"><\/div>\n\t<div class=\"relative\">\n\t\t\t\t\t<h2 class=\"text-blue-lighter mb-5\">Come donare<\/h2>\n\t\t\t\t<div class=\"mt-5 grid grid-cols-1 md:grid-cols-2 xl:grid-cols-3 gap-4 lg:gap-8\">\n\t\t\t\t\t\t\t\t\t\t\t\t\t\t\t\t\t\t<a href=\"https:\/\/fprc.it\/sostienici\/dona-alla-ricerca-il-5x1000\/?utm_source=website+Irccs&#038;utm_medium=bottone&#038;utm_campaign=referral\" target=\"_blank\" class=\"block bg-white p-2 lg:p-4 shadow-md no-underline\">\n\t\t\t\t\t\t\t\t\t\t\t\t\t<div class=\"h-full border-red border-2 lg:border-4 p-4 lg:p-8 flex flex-row items-center pl-0 lg:pl-0\">\n\t\t\t\t\t\t\t\t\t\t\t\t\t\t\t\t\t<div class=\"flex-none w-24 xl:w-32 flex items-center justify-center\">\n\t\t\t\t\t\t\t\t\t\t<img decoding=\"async\" src=\"https:\/\/irccs.com\/wp-content\/uploads\/2025\/11\/5x1000.svg\" alt=\"\" class=\"w-14 h-14 object-contain\">\n\t\t\t\t\t\t\t\t\t<\/div>\n\t\t\t\t\t\t\t\t\t\t\t\t\t\t\t\t<span class=\"block uppercase font-bold h3\">DONARE GRATUITAMENTE IL 5X1000<\/span>\n\t\t\t\t\t\t\t<\/div>\n\t\t\t\t\t\t\t\t\t\t\t\t\t\t<\/a>\n\t\t\t\t\t\t\t\t\t\t\t\t\t\t\t\t\t\t\t\t<a href=\"https:\/\/dona.fprc.it\/candiolo\/?utm_source=website+Irccs&#038;utm_medium=bottone&#038;utm_campaign=referral\" target=\"_blank\" class=\"block bg-white p-2 lg:p-4 shadow-md no-underline\">\n\t\t\t\t\t\t\t\t\t\t\t\t\t<div class=\"h-full border-red border-2 lg:border-4 p-4 lg:p-8 flex flex-row items-center pl-0 lg:pl-0\">\n\t\t\t\t\t\t\t\t\t\t\t\t\t\t\t\t\t<div class=\"flex-none w-24 xl:w-32 flex items-center justify-center\">\n\t\t\t\t\t\t\t\t\t\t<img decoding=\"async\" src=\"https:\/\/irccs.com\/wp-content\/uploads\/2025\/11\/donazione.svg\" alt=\"\" class=\"w-14 h-14 object-contain\">\n\t\t\t\t\t\t\t\t\t<\/div>\n\t\t\t\t\t\t\t\t\t\t\t\t\t\t\t\t<span class=\"block uppercase font-bold h3\">FARE UNA DONAZIONE LIBERA<\/span>\n\t\t\t\t\t\t\t<\/div>\n\t\t\t\t\t\t\t\t\t\t\t\t\t\t<\/a>\n\t\t\t\t\t\t\t\t\t\t\t\t\t\t\t\t\t\t\t\t<a href=\"https:\/\/fprc.it\/sostienici\/donazioni-in-memoria\/?utm_source=website+Irccs&#038;utm_medium=bottone&#038;utm_campaign=referral\" target=\"_blank\" class=\"block bg-white p-2 lg:p-4 shadow-md no-underline\">\n\t\t\t\t\t\t\t\t\t\t\t\t\t<div class=\"h-full border-red border-2 lg:border-4 p-4 lg:p-8 flex flex-row items-center pl-0 lg:pl-0\">\n\t\t\t\t\t\t\t\t\t\t\t\t\t\t\t\t\t<div class=\"flex-none w-24 xl:w-32 flex items-center justify-center\">\n\t\t\t\t\t\t\t\t\t\t<img decoding=\"async\" src=\"https:\/\/irccs.com\/wp-content\/uploads\/2025\/11\/memoria.svg\" alt=\"\" class=\"w-14 h-14 object-contain\">\n\t\t\t\t\t\t\t\t\t<\/div>\n\t\t\t\t\t\t\t\t\t\t\t\t\t\t\t\t<span class=\"block uppercase font-bold h3\">FARE UNA DONAZIONE IN MEMORIA<\/span>\n\t\t\t\t\t\t\t<\/div>\n\t\t\t\t\t\t\t\t\t\t\t\t\t\t<\/a>\n\t\t\t\t\t\t\t\t\t\t\t\t\t\t\t\t\t\t\t\t<a href=\"https:\/\/fprc.it\/shop-solidale\/?utm_source=website+Irccs&#038;utm_medium=bottone&#038;utm_campaign=referral\" target=\"_blank\" class=\"block bg-white p-2 lg:p-4 shadow-md no-underline\">\n\t\t\t\t\t\t\t\t\t\t\t\t\t<div class=\"h-full border-red border-2 lg:border-4 p-4 lg:p-8 flex flex-row items-center pl-0 lg:pl-0\">\n\t\t\t\t\t\t\t\t\t\t\t\t\t\t\t\t\t<div class=\"flex-none w-24 xl:w-32 flex items-center justify-center\">\n\t\t\t\t\t\t\t\t\t\t<img decoding=\"async\" src=\"https:\/\/irccs.com\/wp-content\/uploads\/2025\/11\/regalo_solidale.svg\" alt=\"\" class=\"w-14 h-14 object-contain\">\n\t\t\t\t\t\t\t\t\t<\/div>\n\t\t\t\t\t\t\t\t\t\t\t\t\t\t\t\t<span class=\"block uppercase font-bold h3\">SCEGLIERE UN REGALO SOLIDALE<\/span>\n\t\t\t\t\t\t\t<\/div>\n\t\t\t\t\t\t\t\t\t\t\t\t\t\t<\/a>\n\t\t\t\t\t\t\t\t\t\t\t\t\t\t\t\t\t\t\t\t<a href=\"https:\/\/fprc.it\/sostienici\/lascito-solidale\/?utm_source=website+Irccs&#038;utm_medium=bottone&#038;utm_campaign=referral\" target=\"_blank\" class=\"block bg-white p-2 lg:p-4 shadow-md no-underline\">\n\t\t\t\t\t\t\t\t\t\t\t\t\t<div class=\"h-full border-red border-2 lg:border-4 p-4 lg:p-8 flex flex-row items-center pl-0 lg:pl-0\">\n\t\t\t\t\t\t\t\t\t\t\t\t\t\t\t\t\t<div class=\"flex-none w-24 xl:w-32 flex items-center justify-center\">\n\t\t\t\t\t\t\t\t\t\t<img decoding=\"async\" src=\"https:\/\/irccs.com\/wp-content\/uploads\/2025\/11\/testamento.svg\" alt=\"\" class=\"w-14 h-14 object-contain\">\n\t\t\t\t\t\t\t\t\t<\/div>\n\t\t\t\t\t\t\t\t\t\t\t\t\t\t\t\t<span class=\"block uppercase font-bold h3\">FARE UN LASCITO TESTAMENTARIO<\/span>\n\t\t\t\t\t\t\t<\/div>\n\t\t\t\t\t\t\t\t\t\t\t\t\t\t<\/a>\n\t\t\t\t\t\t\t\t\t\t\t\t\t\t\t\t\t\t\t\t<a href=\"https:\/\/fprc.it\/la-tua-raccolta-fondi\/?utm_source=website+Irccs&#038;utm_medium=bottone&#038;utm_campaign=referral\" target=\"_blank\" class=\"block bg-white p-2 lg:p-4 shadow-md no-underline\">\n\t\t\t\t\t\t\t\t\t\t\t\t\t<div class=\"h-full border-red border-2 lg:border-4 p-4 lg:p-8 flex flex-row items-center pl-0 lg:pl-0\">\n\t\t\t\t\t\t\t\t\t\t\t\t\t\t\t\t\t<div class=\"flex-none w-24 xl:w-32 flex items-center justify-center\">\n\t\t\t\t\t\t\t\t\t\t<img decoding=\"async\" src=\"https:\/\/irccs.com\/wp-content\/uploads\/2025\/11\/raccolta_fondi.svg\" alt=\"\" class=\"w-14 h-14 object-contain\">\n\t\t\t\t\t\t\t\t\t<\/div>\n\t\t\t\t\t\t\t\t\t\t\t\t\t\t\t\t<span class=\"block uppercase font-bold h3\">APRIRE UNA RACCOLTA FONDI<\/span>\n\t\t\t\t\t\t\t<\/div>\n\t\t\t\t\t\t\t\t\t\t\t\t\t\t<\/a>\n\t\t\t\t\t\t\t\t\t\t\t\t\t\t<\/div>\n\t<\/div>\n<\/div>\n\n\t<\/div>\n","protected":false},"excerpt":{"rendered":"\n<p>Fondazione Piemontese per la Ricerca sul Cancro<\/p>\n<p>Dal 1986 la Fondazione Piemontese per la Ricerca sul Cancro, che ha dato vita &#8230;<\/p>\n","protected":false},"author":3,"featured_media":0,"parent":0,"menu_order":0,"comment_status":"closed","ping_status":"closed","template":"","meta":{"_acf_changed":false,"footnotes":""},"class_list":["post-3371","page","type-page","status-publish","hentry"],"acf":[],"yoast_head":"<!-- This site is optimized with the Yoast SEO plugin v27.2 - https:\/\/yoast.com\/product\/yoast-seo-wordpress\/ -->\n<title>Sostieni la ricerca - Istituto di Candiolo<\/title>\n<meta name=\"robots\" content=\"index, follow, max-snippet:-1, max-image-preview:large, max-video-preview:-1\" \/>\n<link rel=\"canonical\" href=\"https:\/\/irccs.com\/it\/sostieni-la-ricerca\/\" \/>\n<meta property=\"og:locale\" content=\"it_IT\" \/>\n<meta property=\"og:type\" content=\"article\" \/>\n<meta property=\"og:title\" content=\"Sostieni la ricerca - Istituto di Candiolo\" \/>\n<meta property=\"og:url\" content=\"https:\/\/irccs.com\/it\/sostieni-la-ricerca\/\" \/>\n<meta property=\"og:site_name\" content=\"Istituto di Candiolo\" \/>\n<meta property=\"article:publisher\" content=\"https:\/\/www.facebook.com\/istitutodicandiolo\/\" \/>\n<meta property=\"article:modified_time\" content=\"2026-01-28T08:23:08+00:00\" \/>\n<meta name=\"twitter:card\" content=\"summary_large_image\" \/>\n<meta name=\"twitter:site\" content=\"@fpoirccs\" \/>\n<script type=\"application\/ld+json\" class=\"yoast-schema-graph\">{\"@context\":\"https:\/\/schema.org\",\"@graph\":[{\"@type\":\"WebPage\",\"@id\":\"https:\/\/irccs.com\/it\/sostieni-la-ricerca\/\",\"url\":\"https:\/\/irccs.com\/it\/sostieni-la-ricerca\/\",\"name\":\"Sostieni la ricerca - Istituto di Candiolo\",\"isPartOf\":{\"@id\":\"https:\/\/irccs.com\/it\/#website\"},\"datePublished\":\"2025-11-05T08:55:13+00:00\",\"dateModified\":\"2026-01-28T08:23:08+00:00\",\"breadcrumb\":{\"@id\":\"https:\/\/irccs.com\/it\/sostieni-la-ricerca\/#breadcrumb\"},\"inLanguage\":\"it-IT\",\"potentialAction\":[{\"@type\":\"ReadAction\",\"target\":[\"https:\/\/irccs.com\/it\/sostieni-la-ricerca\/\"]}]},{\"@type\":\"BreadcrumbList\",\"@id\":\"https:\/\/irccs.com\/it\/sostieni-la-ricerca\/#breadcrumb\",\"itemListElement\":[{\"@type\":\"ListItem\",\"position\":1,\"name\":\"Home\",\"item\":\"https:\/\/irccs.com\/it\/\"},{\"@type\":\"ListItem\",\"position\":2,\"name\":\"Sostieni la ricerca\"}]},{\"@type\":\"WebSite\",\"@id\":\"https:\/\/irccs.com\/it\/#website\",\"url\":\"https:\/\/irccs.com\/it\/\",\"name\":\"INOC\",\"description\":\"\",\"potentialAction\":[{\"@type\":\"SearchAction\",\"target\":{\"@type\":\"EntryPoint\",\"urlTemplate\":\"https:\/\/irccs.com\/it\/?s={search_term_string}\"},\"query-input\":{\"@type\":\"PropertyValueSpecification\",\"valueRequired\":true,\"valueName\":\"search_term_string\"}}],\"inLanguage\":\"it-IT\"}]}<\/script>\n<!-- \/ Yoast SEO plugin. -->","yoast_head_json":{"title":"Sostieni la ricerca - Istituto di Candiolo","robots":{"index":"index","follow":"follow","max-snippet":"max-snippet:-1","max-image-preview":"max-image-preview:large","max-video-preview":"max-video-preview:-1"},"canonical":"https:\/\/irccs.com\/it\/sostieni-la-ricerca\/","og_locale":"it_IT","og_type":"article","og_title":"Sostieni la ricerca - Istituto di Candiolo","og_url":"https:\/\/irccs.com\/it\/sostieni-la-ricerca\/","og_site_name":"Istituto di Candiolo","article_publisher":"https:\/\/www.facebook.com\/istitutodicandiolo\/","article_modified_time":"2026-01-28T08:23:08+00:00","twitter_card":"summary_large_image","twitter_site":"@fpoirccs","schema":{"@context":"https:\/\/schema.org","@graph":[{"@type":"WebPage","@id":"https:\/\/irccs.com\/it\/sostieni-la-ricerca\/","url":"https:\/\/irccs.com\/it\/sostieni-la-ricerca\/","name":"Sostieni la ricerca - Istituto di Candiolo","isPartOf":{"@id":"https:\/\/irccs.com\/it\/#website"},"datePublished":"2025-11-05T08:55:13+00:00","dateModified":"2026-01-28T08:23:08+00:00","breadcrumb":{"@id":"https:\/\/irccs.com\/it\/sostieni-la-ricerca\/#breadcrumb"},"inLanguage":"it-IT","potentialAction":[{"@type":"ReadAction","target":["https:\/\/irccs.com\/it\/sostieni-la-ricerca\/"]}]},{"@type":"BreadcrumbList","@id":"https:\/\/irccs.com\/it\/sostieni-la-ricerca\/#breadcrumb","itemListElement":[{"@type":"ListItem","position":1,"name":"Home","item":"https:\/\/irccs.com\/it\/"},{"@type":"ListItem","position":2,"name":"Sostieni la ricerca"}]},{"@type":"WebSite","@id":"https:\/\/irccs.com\/it\/#website","url":"https:\/\/irccs.com\/it\/","name":"INOC","description":"","potentialAction":[{"@type":"SearchAction","target":{"@type":"EntryPoint","urlTemplate":"https:\/\/irccs.com\/it\/?s={search_term_string}"},"query-input":{"@type":"PropertyValueSpecification","valueRequired":true,"valueName":"search_term_string"}}],"inLanguage":"it-IT"}]}},"_links":{"self":[{"href":"https:\/\/irccs.com\/it\/wp-json\/wp\/v2\/pages\/3371","targetHints":{"allow":["GET"]}}],"collection":[{"href":"https:\/\/irccs.com\/it\/wp-json\/wp\/v2\/pages"}],"about":[{"href":"https:\/\/irccs.com\/it\/wp-json\/wp\/v2\/types\/page"}],"author":[{"embeddable":true,"href":"https:\/\/irccs.com\/it\/wp-json\/wp\/v2\/users\/3"}],"replies":[{"embeddable":true,"href":"https:\/\/irccs.com\/it\/wp-json\/wp\/v2\/comments?post=3371"}],"version-history":[{"count":5,"href":"https:\/\/irccs.com\/it\/wp-json\/wp\/v2\/pages\/3371\/revisions"}],"predecessor-version":[{"id":4890,"href":"https:\/\/irccs.com\/it\/wp-json\/wp\/v2\/pages\/3371\/revisions\/4890"}],"wp:attachment":[{"href":"https:\/\/irccs.com\/it\/wp-json\/wp\/v2\/media?parent=3371"}],"curies":[{"name":"wp","href":"https:\/\/api.w.org\/{rel}","templated":true}]}}