{"id":374,"date":"2025-01-08T13:40:46","date_gmt":"2025-01-08T13:40:46","guid":{"rendered":"https:\/\/staging.irccs.com\/?page_id=374"},"modified":"2026-01-12T12:59:50","modified_gmt":"2026-01-12T11:59:50","slug":"contatti","status":"publish","type":"page","link":"https:\/\/irccs.com\/it\/contatti\/","title":{"rendered":"Contatti"},"content":{"rendered":"\t<div id=\"block_6964e235af053\" class=\"contacts-block acf-block\">\n\t\t\n<div class=\"flex flex-col gap-y-5 gap-x-16 mb-10 lg:mb-20 lg:flex-row\">\n\t<div class=\"lg:w-2\/5\">\n\t\t\t\t\t<div class=\"mb-6\"><p><strong>IRCCS <\/strong><strong>Istituto Oncologico di Candiolo<\/strong><br \/>\nViale della Ricerca 7<strong><br \/>\n<\/strong>\u00a010060 &#8211; Candiolo (TO)<\/p>\n<p><strong>Informazioni e prenotazioni<\/strong><br \/>\n<a href=\"tel:+390119933111\">+39 011 99 33 111<\/a><\/p>\n<\/div>\n\t\t\t\t\t\t\t<div class=\"flex gap-x-6 mb-10 lg:mb-16\">\n\t\t\t\t\t\t\t\t\t<a href=\"https:\/\/www.facebook.com\/istitutodicandiolo\/\" target=\"_blank\" class=\"w-10 h-10 bg-white flex items-center justify-center\">\n\t\t\t\t\t\t<img decoding=\"async\" src=\"https:\/\/irccs.com\/wp-content\/uploads\/2025\/01\/facebook-1.svg\" class=\"h-full\">\n\t\t\t\t\t<\/a>\n\t\t\t\t\t\t\t\t\t<a href=\"https:\/\/www.instagram.com\/istitutodicandiolo\/\" target=\"_blank\" class=\"w-10 h-10 bg-white flex items-center justify-center\">\n\t\t\t\t\t\t<img decoding=\"async\" src=\"https:\/\/irccs.com\/wp-content\/uploads\/2025\/01\/instagram.svg\" class=\"h-full\">\n\t\t\t\t\t<\/a>\n\t\t\t\t\t\t\t\t\t<a href=\"https:\/\/it.linkedin.com\/company\/candiolocancerinstitute\" target=\"_blank\" class=\"w-10 h-10 bg-white flex items-center justify-center\">\n\t\t\t\t\t\t<img decoding=\"async\" src=\"https:\/\/irccs.com\/wp-content\/uploads\/2025\/01\/linkedin.svg\" class=\"h-full\">\n\t\t\t\t\t<\/a>\n\t\t\t\t\t\t\t\t\t<a href=\"https:\/\/www.youtube.com\/@IstitutoCandioloIRCCS\" target=\"_blank\" class=\"w-10 h-10 bg-white flex items-center justify-center\">\n\t\t\t\t\t\t<img decoding=\"async\" src=\"https:\/\/irccs.com\/wp-content\/uploads\/2026\/03\/youtube.svg\" class=\"h-full\">\n\t\t\t\t\t<\/a>\n\t\t\t\t\t\t\t<\/div>\n\t\t\t\t\t\t\t<div class=\"p-4 lg:p-9 bg-blue-lighter\/10\">\n\t\t\t\t<h3>Ufficio Relazioni con il Pubblico<\/h3>\n<div>L&#8217;Ufficio Relazioni con il Pubblico (URP) \u00e8 gestito dalla Direzione Sanitaria e rappresenta una modalit\u00e0 di dialogo fra i cittadini e l&#8217;Istituto attraverso il quale \u00e8 possibile richiedere orientamento e chiarimenti sui servizi erogati e inviare elogi, reclami o segnalazioni.<\/div>\n<ul>\n<li>Email: <a href=\"mailto:urp@ircc.it\">urp@ircc.it<\/a><\/li>\n<\/ul>\n\n\t\t\t<\/div>\n\t\t\t<\/div>\n\t<div class=\"lg:w-1\/2 relative\">\n\t\t<div class=\"lg:absolute top-0 lg:h-full lg:w-[50vw] left-0\">\n\t\t\t\t\t\t\t<div id=\"contactMap\" class=\"min-h-[400px] h-full\">\n\t\t\t\t\t<iframe src=\"https:\/\/www.google.com\/maps\/embed?pb=!1m18!1m12!1m3!1d2822.9082313949602!2d7.562463386297583!3d44.96585799647675!2m3!1f0!2f0!3f0!3m2!1i1024!2i768!4f13.1!3m3!1m2!1s0x47881142fd68f18d%3A0x2f98c928c1a2fd7b!2sIstituto%20di%20Candiolo%20-%20Fondazione%20del%20Piemonte%20per%20l&#39;Oncologia%20-%20IRCCS!5e0!3m2!1sit!2sit!4v1736343638730!5m2!1sit!2sit\" width=\"600\" height=\"450\" style=\"border:0;\" allowfullscreen=\"\" loading=\"lazy\" referrerpolicy=\"no-referrer-when-downgrade\"><\/iframe>\n\t\t\t\t<\/div>\n\t\t\t\t\t<\/div>\n\t<\/div>\n<\/div>\n\n\t<\/div>\n","protected":false},"excerpt":{"rendered":"\n<p>IRCCS Istituto Oncologico di Candiolo<br \/>\nViale della Ricerca 7<br \/>\n\u00a010060 &#8211; Candiolo (TO)<\/p>\n<p>Informazioni e prenotazioni<br \/>\n+39 011 99 33 111<\/p>\n<p>\t\t\t\tUfficio Relazioni con il &#8230;<\/p>\n","protected":false},"author":3,"featured_media":0,"parent":0,"menu_order":0,"comment_status":"closed","ping_status":"closed","template":"","meta":{"_acf_changed":false,"footnotes":""},"class_list":["post-374","page","type-page","status-publish","hentry"],"acf":[],"yoast_head":"<!-- This site is optimized with the Yoast SEO plugin v27.2 - https:\/\/yoast.com\/product\/yoast-seo-wordpress\/ -->\n<title>Contatti - Istituto di Candiolo<\/title>\n<meta name=\"description\" content=\"Scopri come contattare l&#039;Istituto, trovi recapiti mail e telefonici, indirizzi e indicazioni su come ragigungerci.\" \/>\n<meta name=\"robots\" content=\"index, follow, max-snippet:-1, max-image-preview:large, max-video-preview:-1\" \/>\n<link rel=\"canonical\" href=\"https:\/\/irccs.com\/it\/contatti\/\" \/>\n<meta property=\"og:locale\" content=\"it_IT\" \/>\n<meta property=\"og:type\" content=\"article\" \/>\n<meta property=\"og:title\" content=\"Contatti - Istituto di Candiolo\" \/>\n<meta property=\"og:description\" content=\"Scopri come contattare l&#039;Istituto, trovi recapiti mail e telefonici, indirizzi e indicazioni su come ragigungerci.\" \/>\n<meta property=\"og:url\" content=\"https:\/\/irccs.com\/it\/contatti\/\" \/>\n<meta property=\"og:site_name\" content=\"Istituto di Candiolo\" \/>\n<meta property=\"article:publisher\" content=\"https:\/\/www.facebook.com\/istitutodicandiolo\/\" \/>\n<meta property=\"article:modified_time\" content=\"2026-01-12T11:59:50+00:00\" \/>\n<meta name=\"twitter:card\" content=\"summary_large_image\" \/>\n<meta name=\"twitter:site\" content=\"@fpoirccs\" \/>\n<script type=\"application\/ld+json\" class=\"yoast-schema-graph\">{\"@context\":\"https:\/\/schema.org\",\"@graph\":[{\"@type\":\"WebPage\",\"@id\":\"https:\/\/irccs.com\/it\/contatti\/\",\"url\":\"https:\/\/irccs.com\/it\/contatti\/\",\"name\":\"Contatti - Istituto di Candiolo\",\"isPartOf\":{\"@id\":\"https:\/\/irccs.com\/it\/#website\"},\"datePublished\":\"2025-01-08T13:40:46+00:00\",\"dateModified\":\"2026-01-12T11:59:50+00:00\",\"description\":\"Scopri come contattare l'Istituto, trovi recapiti mail e telefonici, indirizzi e indicazioni su come ragigungerci.\",\"breadcrumb\":{\"@id\":\"https:\/\/irccs.com\/it\/contatti\/#breadcrumb\"},\"inLanguage\":\"it-IT\",\"potentialAction\":[{\"@type\":\"ReadAction\",\"target\":[\"https:\/\/irccs.com\/it\/contatti\/\"]}]},{\"@type\":\"BreadcrumbList\",\"@id\":\"https:\/\/irccs.com\/it\/contatti\/#breadcrumb\",\"itemListElement\":[{\"@type\":\"ListItem\",\"position\":1,\"name\":\"Home\",\"item\":\"https:\/\/irccs.com\/it\/\"},{\"@type\":\"ListItem\",\"position\":2,\"name\":\"Contatti\"}]},{\"@type\":\"WebSite\",\"@id\":\"https:\/\/irccs.com\/it\/#website\",\"url\":\"https:\/\/irccs.com\/it\/\",\"name\":\"INOC\",\"description\":\"\",\"potentialAction\":[{\"@type\":\"SearchAction\",\"target\":{\"@type\":\"EntryPoint\",\"urlTemplate\":\"https:\/\/irccs.com\/it\/?s={search_term_string}\"},\"query-input\":{\"@type\":\"PropertyValueSpecification\",\"valueRequired\":true,\"valueName\":\"search_term_string\"}}],\"inLanguage\":\"it-IT\"}]}<\/script>\n<!-- \/ Yoast SEO plugin. -->","yoast_head_json":{"title":"Contatti - Istituto di Candiolo","description":"Scopri come contattare l'Istituto, trovi recapiti mail e telefonici, indirizzi e indicazioni su come ragigungerci.","robots":{"index":"index","follow":"follow","max-snippet":"max-snippet:-1","max-image-preview":"max-image-preview:large","max-video-preview":"max-video-preview:-1"},"canonical":"https:\/\/irccs.com\/it\/contatti\/","og_locale":"it_IT","og_type":"article","og_title":"Contatti - Istituto di Candiolo","og_description":"Scopri come contattare l'Istituto, trovi recapiti mail e telefonici, indirizzi e indicazioni su come ragigungerci.","og_url":"https:\/\/irccs.com\/it\/contatti\/","og_site_name":"Istituto di Candiolo","article_publisher":"https:\/\/www.facebook.com\/istitutodicandiolo\/","article_modified_time":"2026-01-12T11:59:50+00:00","twitter_card":"summary_large_image","twitter_site":"@fpoirccs","schema":{"@context":"https:\/\/schema.org","@graph":[{"@type":"WebPage","@id":"https:\/\/irccs.com\/it\/contatti\/","url":"https:\/\/irccs.com\/it\/contatti\/","name":"Contatti - Istituto di Candiolo","isPartOf":{"@id":"https:\/\/irccs.com\/it\/#website"},"datePublished":"2025-01-08T13:40:46+00:00","dateModified":"2026-01-12T11:59:50+00:00","description":"Scopri come contattare l'Istituto, trovi recapiti mail e telefonici, indirizzi e indicazioni su come ragigungerci.","breadcrumb":{"@id":"https:\/\/irccs.com\/it\/contatti\/#breadcrumb"},"inLanguage":"it-IT","potentialAction":[{"@type":"ReadAction","target":["https:\/\/irccs.com\/it\/contatti\/"]}]},{"@type":"BreadcrumbList","@id":"https:\/\/irccs.com\/it\/contatti\/#breadcrumb","itemListElement":[{"@type":"ListItem","position":1,"name":"Home","item":"https:\/\/irccs.com\/it\/"},{"@type":"ListItem","position":2,"name":"Contatti"}]},{"@type":"WebSite","@id":"https:\/\/irccs.com\/it\/#website","url":"https:\/\/irccs.com\/it\/","name":"INOC","description":"","potentialAction":[{"@type":"SearchAction","target":{"@type":"EntryPoint","urlTemplate":"https:\/\/irccs.com\/it\/?s={search_term_string}"},"query-input":{"@type":"PropertyValueSpecification","valueRequired":true,"valueName":"search_term_string"}}],"inLanguage":"it-IT"}]}},"_links":{"self":[{"href":"https:\/\/irccs.com\/it\/wp-json\/wp\/v2\/pages\/374","targetHints":{"allow":["GET"]}}],"collection":[{"href":"https:\/\/irccs.com\/it\/wp-json\/wp\/v2\/pages"}],"about":[{"href":"https:\/\/irccs.com\/it\/wp-json\/wp\/v2\/types\/page"}],"author":[{"embeddable":true,"href":"https:\/\/irccs.com\/it\/wp-json\/wp\/v2\/users\/3"}],"replies":[{"embeddable":true,"href":"https:\/\/irccs.com\/it\/wp-json\/wp\/v2\/comments?post=374"}],"version-history":[{"count":5,"href":"https:\/\/irccs.com\/it\/wp-json\/wp\/v2\/pages\/374\/revisions"}],"predecessor-version":[{"id":4552,"href":"https:\/\/irccs.com\/it\/wp-json\/wp\/v2\/pages\/374\/revisions\/4552"}],"wp:attachment":[{"href":"https:\/\/irccs.com\/it\/wp-json\/wp\/v2\/media?parent=374"}],"curies":[{"name":"wp","href":"https:\/\/api.w.org\/{rel}","templated":true}]}}