{"id":6448,"date":"2026-03-12T11:31:10","date_gmt":"2026-03-12T10:31:10","guid":{"rendered":"https:\/\/irccs.com\/?page_id=6448"},"modified":"2026-03-12T11:39:54","modified_gmt":"2026-03-12T10:39:54","slug":"tto","status":"publish","type":"page","link":"https:\/\/irccs.com\/it\/tto\/","title":{"rendered":"Technology Transfer Office (TTO)"},"content":{"rendered":"\n<h3 class=\"wp-block-heading\">Responsabile: James Hughes, PhD<\/h3>\n\n\n\n<p>Il Technology Transfer Office (TTO) dell\u2019Istituto\u00a0<strong>favorisce la trasformazione delle scoperte scientifiche in soluzioni innovative per la salute<\/strong>. Operando all\u2019intersezione tra\u00a0<a href=\"https:\/\/irccs.com\/ricerca\/\">ricerca<\/a>,<a href=\"https:\/\/irccs.com\/divisioni-cliniche\/ricerca-clinica-avanzata-e-innovazione\/\">\u00a0innovazione clinica\u00a0<\/a>e industria, il TTO supporta la protezione, lo sviluppo e la valorizzazione della propriet\u00e0 intellettuale generata all\u2019interno dell\u2019Istituto. Combinando competenze scientifiche con una gestione strategica della propriet\u00e0 intellettuale e capacit\u00e0 di sviluppo del business, il TTO trasforma le scoperte pi\u00f9 promettenti in tecnologie, partnership e nuove imprese. Attraverso queste attivit\u00e0, l\u2019Ufficio contribuisce ad accelerare il percorso dalla ricerca di laboratorio all\u2019impatto clinico e industriale, garantendo che l\u2019innovazione generata possa in ultima analisi beneficiare i pazienti e la societ\u00e0.<\/p>\n\n\n\n<h2 class=\"wp-block-heading\"><span  id=\"missione\" class=\"h2_anchor\"><\/span>Missione<\/h2>\n\n\n\n<p>La missione del Technology Transfer Office \u00e8&nbsp;<strong>supportare ricercatori e clinici<\/strong>&nbsp;nel trasformare idee e scoperte innovative in applicazioni concrete che generino un impatto clinico, sociale ed economico. Questo include:<\/p>\n\n\n\n<ul class=\"wp-block-list\">\n<li>proteggere la propriet\u00e0 intellettuale generata attraverso le attivit\u00e0 di ricerca<\/li>\n\n\n\n<li>supportare lo sviluppo e la maturazione di tecnologie innovative<\/li>\n\n\n\n<li>promuovere collaborazioni con l\u2019industria e gli investitori<\/li>\n\n\n\n<li>facilitare il trasferimento di tecnologie attraverso licenze o la creazione di nuove imprese.<\/li>\n<\/ul>\n\n\n\n<p>Connettendo la scoperta scientifica con lo sviluppo industriale, il trasferimento tecnologico consente alle istituzioni di ricerca di contribuire agli ecosistemi dell\u2019innovazione e accelerare lo sviluppo di nuove soluzioni per la salute.<\/p>\n\n\n\n<h3 class=\"wp-block-heading\">Il Trasferimento Tecnologico<\/h3>\n\n\n\n<p>Il processo di trasferimento tecnologico guida la trasformazione delle scoperte scientifiche in applicazioni concrete nel settore sanitario.<\/p>\n\n\n\n<p>Le fasi tipiche includono:<\/p>\n\n\n\n<ul class=\"wp-block-list\">\n<li>Scoperta<\/li>\n\n\n\n<li>Divulgazione dell\u2019Invenzione<\/li>\n\n\n\n<li>Valutazione<\/li>\n\n\n\n<li>Protezione della Propriet\u00e0 Intellettuale<\/li>\n\n\n\n<li>Sviluppo e Partnership<\/li>\n\n\n\n<li>Trasferimento Tecnologico e Impatto<\/li>\n<\/ul>\n\n\n\n<h2 class=\"wp-block-heading\"><span  id=\"responsabilita\" class=\"h2_anchor\"><\/span>Responsabilit\u00e0<\/h2>\n\n\n\n<ul class=\"wp-block-list\">\n<li>Gestione propriet\u00e0 intellettuale<\/li>\n\n\n\n<li>Valutazione e sviluppo dell\u2019innovazione<\/li>\n\n\n\n<li>Partnership con l\u2019industria<\/li>\n\n\n\n<li>Licenze e Trasferimento Tecnologico<\/li>\n<\/ul>\n\n\n\n<h2 class=\"wp-block-heading\"><span  id=\"contatti\" class=\"h2_anchor\"><\/span>Contatti<\/h2>\n\n\n\n<p>Puoi contattarci a questa mail&nbsp;<a href=\"mailto:tto@ircc.it\">tto@ircc.it<\/a>:<\/p>\n\n\n\n<ul class=\"wp-block-list\">\n<li><strong>per domande relative alla propriet\u00e0 intellettuale<\/strong>, all\u2019innovazione o alle collaborazioni con l\u2019industria, ricercatori e partner esterni sono invitati a contattare il TTO<\/li>\n\n\n\n<li><strong>se hai un\u2019innovazione da divulgare<\/strong>: il coinvolgimento precoce con il TTO aiuta a garantire che la propriet\u00e0 intellettuale possa essere adeguatamente protetta prima della pubblicazione o della divulgazione pubblica, preservando le opportunit\u00e0 per lo sviluppo futuro e la commercializzazione<\/li>\n\n\n\n<li><strong>se sei un\u2019azienda o un partner industriale interessato a collaborare<\/strong>&nbsp;con i ricercatori dell\u2019Istituto attraverso accordi di ricerca sponsorizzata, programmi di sviluppo congiunto o partnership strategiche.<\/li>\n<\/ul>\n","protected":false},"excerpt":{"rendered":"<p>Responsabile: James Hughes, PhD<\/p>\n<p>Il Technology Transfer Office (TTO) dell\u2019Istituto\u00a0favorisce la trasformazione delle scoperte scientifiche in soluzioni innovative per la salute. &#8230;<\/p>\n","protected":false},"author":5,"featured_media":0,"parent":0,"menu_order":0,"comment_status":"closed","ping_status":"closed","template":"","meta":{"_acf_changed":false,"footnotes":""},"class_list":["post-6448","page","type-page","status-publish","hentry"],"acf":[],"yoast_head":"<!-- This site is optimized with the Yoast SEO plugin v27.2 - https:\/\/yoast.com\/product\/yoast-seo-wordpress\/ -->\n<title>Technology Transfer Office (TTO) - Istituto di Candiolo<\/title>\n<meta name=\"description\" content=\"Responsabile: James Hughes, PhD Il Technology Transfer Office (TTO) dell\u2019Istituto\u00a0favorisce la trasformazione delle scoperte scientifiche in soluzioni\" \/>\n<meta name=\"robots\" content=\"index, follow, max-snippet:-1, max-image-preview:large, max-video-preview:-1\" \/>\n<link rel=\"canonical\" href=\"https:\/\/irccs.com\/it\/tto\/\" \/>\n<meta property=\"og:locale\" content=\"it_IT\" \/>\n<meta property=\"og:type\" content=\"article\" \/>\n<meta property=\"og:title\" content=\"Technology Transfer Office (TTO) - Istituto di Candiolo\" \/>\n<meta property=\"og:description\" content=\"Responsabile: James Hughes, PhD Il Technology Transfer Office (TTO) dell\u2019Istituto\u00a0favorisce la trasformazione delle scoperte scientifiche in soluzioni\" \/>\n<meta property=\"og:url\" content=\"https:\/\/irccs.com\/it\/tto\/\" \/>\n<meta property=\"og:site_name\" content=\"Istituto di Candiolo\" \/>\n<meta property=\"article:publisher\" content=\"https:\/\/www.facebook.com\/istitutodicandiolo\/\" \/>\n<meta property=\"article:modified_time\" content=\"2026-03-12T10:39:54+00:00\" \/>\n<meta name=\"twitter:card\" content=\"summary_large_image\" \/>\n<meta name=\"twitter:site\" content=\"@fpoirccs\" \/>\n<meta name=\"twitter:label1\" content=\"Tempo di lettura stimato\" \/>\n\t<meta name=\"twitter:data1\" content=\"2 minuti\" \/>\n<script type=\"application\/ld+json\" class=\"yoast-schema-graph\">{\"@context\":\"https:\/\/schema.org\",\"@graph\":[{\"@type\":\"WebPage\",\"@id\":\"https:\/\/irccs.com\/it\/tto\/\",\"url\":\"https:\/\/irccs.com\/it\/tto\/\",\"name\":\"Technology Transfer Office (TTO) - Istituto di Candiolo\",\"isPartOf\":{\"@id\":\"https:\/\/irccs.com\/it\/#website\"},\"datePublished\":\"2026-03-12T10:31:10+00:00\",\"dateModified\":\"2026-03-12T10:39:54+00:00\",\"description\":\"Responsabile: James Hughes, PhD Il Technology Transfer Office (TTO) dell\u2019Istituto\u00a0favorisce la trasformazione delle scoperte scientifiche in soluzioni\",\"breadcrumb\":{\"@id\":\"https:\/\/irccs.com\/it\/tto\/#breadcrumb\"},\"inLanguage\":\"it-IT\",\"potentialAction\":[{\"@type\":\"ReadAction\",\"target\":[\"https:\/\/irccs.com\/it\/tto\/\"]}]},{\"@type\":\"BreadcrumbList\",\"@id\":\"https:\/\/irccs.com\/it\/tto\/#breadcrumb\",\"itemListElement\":[{\"@type\":\"ListItem\",\"position\":1,\"name\":\"Home\",\"item\":\"https:\/\/irccs.com\/it\/\"},{\"@type\":\"ListItem\",\"position\":2,\"name\":\"Technology Transfer Office (TTO)\"}]},{\"@type\":\"WebSite\",\"@id\":\"https:\/\/irccs.com\/it\/#website\",\"url\":\"https:\/\/irccs.com\/it\/\",\"name\":\"INOC\",\"description\":\"\",\"potentialAction\":[{\"@type\":\"SearchAction\",\"target\":{\"@type\":\"EntryPoint\",\"urlTemplate\":\"https:\/\/irccs.com\/it\/?s={search_term_string}\"},\"query-input\":{\"@type\":\"PropertyValueSpecification\",\"valueRequired\":true,\"valueName\":\"search_term_string\"}}],\"inLanguage\":\"it-IT\"}]}<\/script>\n<!-- \/ Yoast SEO plugin. -->","yoast_head_json":{"title":"Technology Transfer Office (TTO) - Istituto di Candiolo","description":"Responsabile: James Hughes, PhD Il Technology Transfer Office (TTO) dell\u2019Istituto\u00a0favorisce la trasformazione delle scoperte scientifiche in soluzioni","robots":{"index":"index","follow":"follow","max-snippet":"max-snippet:-1","max-image-preview":"max-image-preview:large","max-video-preview":"max-video-preview:-1"},"canonical":"https:\/\/irccs.com\/it\/tto\/","og_locale":"it_IT","og_type":"article","og_title":"Technology Transfer Office (TTO) - Istituto di Candiolo","og_description":"Responsabile: James Hughes, PhD Il Technology Transfer Office (TTO) dell\u2019Istituto\u00a0favorisce la trasformazione delle scoperte scientifiche in soluzioni","og_url":"https:\/\/irccs.com\/it\/tto\/","og_site_name":"Istituto di Candiolo","article_publisher":"https:\/\/www.facebook.com\/istitutodicandiolo\/","article_modified_time":"2026-03-12T10:39:54+00:00","twitter_card":"summary_large_image","twitter_site":"@fpoirccs","twitter_misc":{"Tempo di lettura stimato":"2 minuti"},"schema":{"@context":"https:\/\/schema.org","@graph":[{"@type":"WebPage","@id":"https:\/\/irccs.com\/it\/tto\/","url":"https:\/\/irccs.com\/it\/tto\/","name":"Technology Transfer Office (TTO) - Istituto di Candiolo","isPartOf":{"@id":"https:\/\/irccs.com\/it\/#website"},"datePublished":"2026-03-12T10:31:10+00:00","dateModified":"2026-03-12T10:39:54+00:00","description":"Responsabile: James Hughes, PhD Il Technology Transfer Office (TTO) dell\u2019Istituto\u00a0favorisce la trasformazione delle scoperte scientifiche in soluzioni","breadcrumb":{"@id":"https:\/\/irccs.com\/it\/tto\/#breadcrumb"},"inLanguage":"it-IT","potentialAction":[{"@type":"ReadAction","target":["https:\/\/irccs.com\/it\/tto\/"]}]},{"@type":"BreadcrumbList","@id":"https:\/\/irccs.com\/it\/tto\/#breadcrumb","itemListElement":[{"@type":"ListItem","position":1,"name":"Home","item":"https:\/\/irccs.com\/it\/"},{"@type":"ListItem","position":2,"name":"Technology Transfer Office (TTO)"}]},{"@type":"WebSite","@id":"https:\/\/irccs.com\/it\/#website","url":"https:\/\/irccs.com\/it\/","name":"INOC","description":"","potentialAction":[{"@type":"SearchAction","target":{"@type":"EntryPoint","urlTemplate":"https:\/\/irccs.com\/it\/?s={search_term_string}"},"query-input":{"@type":"PropertyValueSpecification","valueRequired":true,"valueName":"search_term_string"}}],"inLanguage":"it-IT"}]}},"_links":{"self":[{"href":"https:\/\/irccs.com\/it\/wp-json\/wp\/v2\/pages\/6448","targetHints":{"allow":["GET"]}}],"collection":[{"href":"https:\/\/irccs.com\/it\/wp-json\/wp\/v2\/pages"}],"about":[{"href":"https:\/\/irccs.com\/it\/wp-json\/wp\/v2\/types\/page"}],"author":[{"embeddable":true,"href":"https:\/\/irccs.com\/it\/wp-json\/wp\/v2\/users\/5"}],"replies":[{"embeddable":true,"href":"https:\/\/irccs.com\/it\/wp-json\/wp\/v2\/comments?post=6448"}],"version-history":[{"count":3,"href":"https:\/\/irccs.com\/it\/wp-json\/wp\/v2\/pages\/6448\/revisions"}],"predecessor-version":[{"id":6454,"href":"https:\/\/irccs.com\/it\/wp-json\/wp\/v2\/pages\/6448\/revisions\/6454"}],"wp:attachment":[{"href":"https:\/\/irccs.com\/it\/wp-json\/wp\/v2\/media?parent=6448"}],"curies":[{"name":"wp","href":"https:\/\/api.w.org\/{rel}","templated":true}]}}